{"id":121,"date":"2025-03-10T11:23:44","date_gmt":"2025-03-10T10:23:44","guid":{"rendered":"https:\/\/www.clinton.de\/?page_id=121"},"modified":"2025-12-05T15:29:55","modified_gmt":"2025-12-05T14:29:55","slug":"company","status":"publish","type":"page","link":"https:\/\/www.clinton.de\/en\/company\/","title":{"rendered":"Company"},"content":{"rendered":"<div class=\"grve-section section-slogan\" data-section-title=\"\" data-section-type=\"in-container\" data-image-type=\"none\" data-full-height=\"no\"  style=\"margin-bottom: 120px;\"><div class=\"grve-row grve-bookmark\"><div class=\"wpb_column grve-column grve-bookmark grve-column-1\" id=\"about\"><div class=\"grve-element grve-slogan grve-align-center grve-animated-item grve-fadeIn\" style=\"\" data-delay=\"200\"><h4 class=\"grve-slogan-title grve-align-center grve-title-line\"><span>OUR COMPANY<div class=\"grve-subtitle\">Founded in Berlin - carried all over the world<\/div><\/span><\/h4>  <p class=\"\">CLINTON is a modern fashion company based in Hoppegarten near Berlin. We love fashion and incorporate our textile expertise into our collections. The CLINTON brand world includes the fashion brands CAMP DAVID, SOCCX, HARLEM SOUL, SENSES.THE LABEL and GAASTRA. Reliability, responsible corporate management and economically forward-looking action play an important role for us.<\/p><a class=\"grve-btn grve-btn-extrasmall grve-square grve-bg-primary-1 grve-btn-line grve-bg-primary-x\" href=\"https:\/\/www.clinton.de\/en\/headquarters\/\" target=\"_self\" style=\"\"><span>HEADQUARTER<\/span><\/a><a class=\"grve-btn grve-btn-extrasmall grve-square grve-bg-primary-1 grve-btn-line grve-bg-primary-x\" href=\"https:\/\/www.clinton.de\/en\/company\/career\/\" target=\"_self\" style=\"\"><span>CAREER<\/span><\/a><\/div><\/div> <\/div><div class=\"grve-background-wrapper\"><\/div><\/div><div id=\"zahlen\" class=\"grve-section grve-feature-footer section-counter\" data-section-title=\"\" data-section-type=\"fullwidth-background\" data-image-type=\"parallax\" data-full-height=\"no\"  style=\"padding-top: 60px;padding-bottom: 60px;\"><div class=\"grve-row grve-bookmark\"><div class=\"wpb_column grve-column grve-bookmark grve-column-1-3\"><div class=\"grve-element grve-counter grve-align-center\" style=\"\">  <div class=\"grve-counter-content\">    <div class=\"grve-counter-item grve-color-white\">      <span data-thousands-separator-vis=\"\" data-thousands-separator=\",\" data-prefix=\"\" data-suffix=\"\" data-start-val=\"0\" data-end-val=\"34\" data-decimal-points=\"0\" data-decimal-separator=\".\">0<\/span>    <\/div><h5 class=\"grve-counter-title\"><span>YEARS ON THE MARKET<\/span><\/h5>  <\/div><\/div><\/div><div class=\"wpb_column grve-column grve-bookmark grve-column-1-3\"><div class=\"grve-element grve-counter grve-align-center\" style=\"\">  <div class=\"grve-counter-content\">    <div class=\"grve-counter-item grve-color-white\">      <span data-thousands-separator-vis=\"\" data-thousands-separator=\".\" data-prefix=\"\" data-suffix=\"\" data-start-val=\"0\" data-end-val=\"62000\" data-decimal-points=\"0\" data-decimal-separator=\".\">0<\/span>    <\/div><h5 class=\"grve-counter-title\"><span>square metres SALE AREA<\/span><\/h5>  <\/div><\/div><\/div><div class=\"wpb_column grve-column grve-bookmark grve-column-1-3\"><div class=\"grve-element grve-counter grve-align-center\" style=\"\">  <div class=\"grve-counter-content\">    <div class=\"grve-counter-item grve-color-white\">      <span data-thousands-separator-vis=\"\" data-thousands-separator=\",\" data-prefix=\"\" data-suffix=\"\" data-start-val=\"0\" data-end-val=\"272\" data-decimal-points=\"0\" data-decimal-separator=\".\">0<\/span>    <\/div><h5 class=\"grve-counter-title\"><span>FILIALS<\/span><\/h5>  <\/div><\/div><\/div> <\/div><div class=\"grve-background-wrapper\">  <div class=\"grve-dark-overlay grve-overlay-80\"><\/div>  <div class=\"grve-bg-image\" data-stellar-ratio=\"0.5\"  style=\"background-image: url(https:\/\/www.clinton.de\/wp-content\/uploads\/2025\/03\/header-news.jpg);\"><\/div><\/div><\/div><div id=\"philosophie\" class=\"grve-section grve-flex-row grve-middle-content content-row\" data-section-title=\"\" data-section-type=\"fullwidth-element\" data-image-type=\"none\" data-full-height=\"no\"  style=\"margin-bottom: 90px;\"><div class=\"grve-row grve-bookmark\"><div class=\"wpb_column grve-column grve-bookmark grve-column-1-2 grve-tablet-sm-column-1\"><div class=\"grve-row grve-bookmark section-slogan\"><div class=\"wpb_column grve-column grve-bookmark grve-column-1\"><div class=\"grve-element grve-slogan grve-align-left grve-animated-item grve-fadeIn\" style=\"\" data-delay=\"200\"><h4 class=\"grve-slogan-title grve-align-left grve-title-line\"><span>OUR PHILOSOPHY<\/span><\/h4>  <p class=\"\">Quality, fit and unconventional designs - our aspiration and motivation at the same time. We develop our collections with passion, heart and decades of expertise. At the centre: exciting details with that certain something extra. The considerate use of resources is important to us. Together with our employees and partners, we create long-lasting fashion.<\/p><a class=\"grve-btn grve-btn-extrasmall grve-square grve-bg-primary-1 grve-btn-line grve-bg-primary-x\" href=\"https:\/\/www.clinton.de\/en\/company\/brands\/\" target=\"_self\" style=\"\"><span>BRANDS<\/span><\/a><a class=\"grve-btn grve-btn-extrasmall grve-square grve-bg-primary-1 grve-btn-line grve-bg-primary-x\" href=\"https:\/\/www.clinton.de\/en\/company\/sustainability\/\" target=\"_self\" style=\"\"><span>SUSTAINABILITY<\/span><\/a><\/div><\/div><\/div><\/div><div class=\"wpb_column grve-column grve-bookmark grve-column-1-2 grve-tablet-sm-column-1\"><div class=\"grve-element grve-image grve-full-image grve-align-left\" style=\"\"><img loading=\"lazy\" decoding=\"async\" width=\"960\" height=\"960\" src=\"https:\/\/www.clinton.de\/wp-content\/uploads\/2025\/03\/split-philosophie.jpg\" class=\"attachment-full size-full\" alt=\"split philosophy\" srcset=\"https:\/\/www.clinton.de\/wp-content\/uploads\/2025\/03\/split-philosophie.jpg 960w, https:\/\/www.clinton.de\/wp-content\/uploads\/2025\/03\/split-philosophie-300x300.jpg 300w, https:\/\/www.clinton.de\/wp-content\/uploads\/2025\/03\/split-philosophie-150x150.jpg 150w, https:\/\/www.clinton.de\/wp-content\/uploads\/2025\/03\/split-philosophie-768x768.jpg 768w, https:\/\/www.clinton.de\/wp-content\/uploads\/2025\/03\/split-philosophie-80x80.jpg 80w, https:\/\/www.clinton.de\/wp-content\/uploads\/2025\/03\/split-philosophie-560x560.jpg 560w\" sizes=\"auto, (max-width: 960px) 100vw, 960px\" \/><\/div><\/div> <\/div><div class=\"grve-background-wrapper\"><\/div><\/div><div class=\"grve-section\" data-section-title=\"\" data-section-type=\"fullwidth-background\" data-image-type=\"none\" data-full-height=\"no\"  style=\"margin-bottom: 120px;\"><div class=\"grve-row grve-bookmark\"><div class=\"wpb_column grve-column grve-bookmark grve-column-1-2\"><div class=\"grve-element grve-slogan grve-align-right grve-animated-item grve-fadeIn\" style=\"\" data-delay=\"200\"><h4 class=\"grve-slogan-title grve-align-right grve-title-line\"><span>HISTORY<div class=\"grve-subtitle\">CLINTON's milestones on the way to becoming an international fashion company<\/div><\/span><\/h4>  <p class=\"\"><\/p><\/div><\/div><div class=\"wpb_column grve-column grve-bookmark grve-column-1-2\" id=\"timeline\"><div class=\"grve-element grve-text vc_custom_1576241695460\"><p>1988<br \/>\nJ\u00fcrgen Finkbeiner lays the foundation for today's company by joining an existing textile chain.<\/p>\n<\/div><div class=\"grve-element grve-text vc_custom_1576255499871\"><p>1992<br \/>\nClinton oHG is founded as the basis for today's Clinton Gro\u00dfhandels-GmbH and Clinton Logistik-GmbH.<\/p>\n<\/div><div class=\"grve-element grve-text vc_custom_1741866872368\"><p>1997\/98<br \/>\nThe menswear label <a href=\"https:\/\/www.clinton.de\/en\/company\/brands\/camp-david\/\">CAMP DAVID<\/a> and the womenswear label <a href=\"https:\/\/www.clinton.de\/en\/company\/brands\/soccx\/\">SOCCX<\/a> are successfully launched on the market.<\/p>\n<\/div><div class=\"grve-element grve-text vc_custom_1578324894039\"><p>2000<br \/>\nLaunch of the Chelsea franchise system as the basis for nationwide store expansion.<\/p>\n<\/div><div class=\"grve-element grve-text vc_custom_1741866885304\"><p>2010<br \/>\nDieter Bohlen becomes brand ambassador for <a href=\"https:\/\/www.clinton.de\/en\/company\/brands\/camp-david\/\">CAMP DAVID<\/a>.<\/p>\n<\/div><div class=\"grve-element grve-text vc_custom_1741866900336\"><p>2015<br \/>\nThe new headquarters, the \"<a href=\"https:\/\/www.clinton.de\/en\/headquarters\/\">CLINTON European Headquarters<\/a>\", with a modern office building and innovative warehouse and logistics centre, opens in Hoppegarten near Berlin.<\/p>\n<p>Everything from a single source - the franchise system is being converted to a modern, flexible operator model that guarantees an optimised value chain.<\/p>\n<\/div><div class=\"grve-element grve-text vc_custom_1741866913282\"><p>2019<br \/>\nThe CLINTON brand world has a new addition - the streetwear label <a href=\"https:\/\/www.clinton.de\/en\/company\/brands\/harlem-soul\/\">HARLEM SOUL<\/a> will be launched at the end of the year.<\/p>\n<\/div><div class=\"grve-element grve-text vc_custom_1691654568431\"><p>2023<br \/>\nFor the first time in CLINTON's history, there is a change in management. The new management team is made up of long-standing employees from various specialist areas.<\/p>\n<\/div><div class=\"grve-element grve-text vc_custom_1759853252789\"><p>2024<br \/>\nThe CLINTON brand world is growing - the brand <a href=\"https:\/\/www.clinton.de\/en\/company\/brands\/senses-thelabel\/\">SENSES.THE LABEL <\/a>will be launched in the course of the year.<\/p>\n<\/div><div class=\"grve-element grve-text vc_custom_1764944990780\"><p>November 2025<br \/>\nCLINTON acquires the long-term licensing rights to the traditional sportswear brand GAASTRA (<a href=\"https:\/\/gaastrastore.com\/\">gaastrastore.com<\/a>).<\/p>\n<\/div><\/div> <\/div><div class=\"grve-background-wrapper\"><\/div><\/div>","protected":false},"excerpt":{"rendered":"UNSER UNTERNEHMENGegr\u00fcndet in Berlin \u2013 getragen in der ganzen Welt CLINTON ist ein modernes Modeunternehmen mit Sitz in Hoppegarten bei Berlin. Wir lieben Mode und lassen unsere textilen Erfahrungen in unsere Kollektionen einflie\u00dfen. Zur CLINTON Markenwelt geh\u00f6ren die Fashion-Brands CAMP DAVID, SOCCX, HARLEM SOUL, SENSES.THE LABEL und GAASTRA. Verl\u00e4sslichkeit, eine verantwortungsvolle Unternehmensf\u00fchrung und wirtschaftlich vorausschauendes [...]","protected":false},"author":1,"featured_media":0,"parent":0,"menu_order":1,"comment_status":"closed","ping_status":"closed","template":"","meta":{"_acf_changed":false,"inline_featured_image":false,"footnotes":""},"categories":[2],"tags":[],"class_list":["post-121","page","type-page","status-publish","hentry","category-company"],"acf":[],"_links":{"self":[{"href":"https:\/\/www.clinton.de\/en\/wp-json\/wp\/v2\/pages\/121","targetHints":{"allow":["GET"]}}],"collection":[{"href":"https:\/\/www.clinton.de\/en\/wp-json\/wp\/v2\/pages"}],"about":[{"href":"https:\/\/www.clinton.de\/en\/wp-json\/wp\/v2\/types\/page"}],"author":[{"embeddable":true,"href":"https:\/\/www.clinton.de\/en\/wp-json\/wp\/v2\/users\/1"}],"replies":[{"embeddable":true,"href":"https:\/\/www.clinton.de\/en\/wp-json\/wp\/v2\/comments?post=121"}],"version-history":[{"count":0,"href":"https:\/\/www.clinton.de\/en\/wp-json\/wp\/v2\/pages\/121\/revisions"}],"wp:attachment":[{"href":"https:\/\/www.clinton.de\/en\/wp-json\/wp\/v2\/media?parent=121"}],"wp:term":[{"taxonomy":"category","embeddable":true,"href":"https:\/\/www.clinton.de\/en\/wp-json\/wp\/v2\/categories?post=121"},{"taxonomy":"post_tag","embeddable":true,"href":"https:\/\/www.clinton.de\/en\/wp-json\/wp\/v2\/tags?post=121"}],"curies":[{"name":"wp","href":"https:\/\/api.w.org\/{rel}","templated":true}]}}