{"id":144,"date":"2025-03-10T12:47:52","date_gmt":"2025-03-10T11:47:52","guid":{"rendered":"https:\/\/www.clinton.de\/?page_id=144"},"modified":"2025-03-10T12:59:17","modified_gmt":"2025-03-10T11:59:17","slug":"imprint","status":"publish","type":"page","link":"https:\/\/www.clinton.de\/en\/impressum\/","title":{"rendered":"Imprint"},"content":{"rendered":"<div class=\"grve-section grve-feature-header\" data-section-title=\"\" data-section-type=\"fullwidth-background\" data-image-type=\"none\" data-full-height=\"no\"  style=\"padding-top: 30px;\"><div class=\"grve-row grve-bookmark\"><div class=\"wpb_column grve-column grve-bookmark grve-column-1\"><h1 class=\"grve-element grve-align-left grve-title-no-line grve-h1\" style=\"\"><span>Imprint<\/span><\/h1><\/div> <\/div><div class=\"grve-background-wrapper\"><\/div><\/div><div class=\"grve-section\" data-section-title=\"\" data-section-type=\"fullwidth-background\" data-image-type=\"none\" data-full-height=\"no\"><div class=\"grve-row grve-bookmark\"><div class=\"wpb_column grve-column grve-bookmark grve-column-1-2\"><div class=\"grve-element grve-slogan grve-align-left\" style=\"\"><h4 class=\"grve-slogan-title grve-align-left grve-title-line\"><span>Clinton Logistic GmbH<\/span><\/h4>  <p class=\"\">(Restaurant, Bistro, Events)<br \/>\nHandwerkerstra\u00dfe 19<br \/>\n15366 Hoppegarten<\/p>\n<p>Managing Directors: Nicholas Hasslacher, Mathias Voigt, Andr\u00e9 Prestel<br \/>\nVAT number: DE 284 850 127<br \/>\nRegister court: Local court Frankfurt (Oder)<br \/>\nRegister number: HRB 14127 FF<\/p>\n<p><strong>Restaurant<\/strong><br \/>\nPhone: +49 (0) 3342 306 6102<br \/>\nE-mail: restaurant@clinton.de<\/p>\n<p><strong>Bistro<\/strong><br \/>\n+49 (0) 3342 306 6102<br \/>\nbistro@clinton.de<\/p>\n<p><strong>Business events<\/strong><br \/>\nPhone: +49 (0) 3342 306 6099<br \/>\nE-mail: tagen@clinton.de<\/p>\n<p><\/p><\/div><\/div><div class=\"wpb_column grve-column grve-bookmark grve-column-1-2\"><div class=\"grve-element grve-slogan grve-align-left\" style=\"\"><h4 class=\"grve-slogan-title grve-align-left grve-title-line\"><span>Clinton Gro\u00dfhandels-GmbH<\/span><\/h4>  <p class=\"\">(Store, Outlet)<br \/>\nHandwerkerstra\u00dfe 19<br \/>\n15366 Hoppegarten<\/p>\n<p>Managing Directors: Nicholas Hasslacher, Mathias Voigt, Alexandra Kr\u00fcger-Simon<br \/>\nVAT ID No. DE 813 877 006<br \/>\nRegister court: Local court Frankfurt (Oder)<br \/>\nRegister number: HRB 9917 FF<\/p>\n<p><strong>Marketing, EDP, IT<\/strong><br \/>\nPhone: +49 (0) 3342 306 100<\/p>\n<p><strong>Franchise sales, expansion, design, production, merchandise management<\/strong><br \/>\nPhone: +49 (0) 3342 306 6600<\/p>\n<p><strong>Accounting, Law<\/strong><br \/>\nPhone: +49 (0) 3342 306 200<\/p>\n<p>E-mail: kontakt@clinton.de<\/p>\n<p><\/p><\/div><\/div> <\/div><div class=\"grve-background-wrapper\"><\/div><\/div><div class=\"grve-section\" data-section-title=\"\" data-section-type=\"fullwidth-background\" data-image-type=\"none\" data-full-height=\"no\"  style=\"margin-bottom: 60px;\"><div class=\"grve-row grve-bookmark\"><div class=\"wpb_column grve-column grve-bookmark grve-column-1\"><div class=\"grve-element grve-slogan grve-align-center\" style=\"\">  <p class=\"\"><strong>Competent supervisory authority for the provision of audiovisual media services:<\/strong><br \/>\nMedienanstalt Berlin-Brandenburg (mabb), Kleine Pr\u00e4sidentenstra\u00dfe 1, 10178 Berlin<\/p><\/div><\/div> <\/div><div class=\"grve-background-wrapper\"><\/div><\/div>","protected":false},"excerpt":{"rendered":"Impressum Clinton Logistic GmbH (Restaurant, Bistro, Events) Handwerkerstra\u00dfe 19 15366 Hoppegarten Gesch\u00e4ftsf\u00fchrer: Nicholas Hasslacher, Mathias Voigt, Andr\u00e9 Prestel USt-IdNr.: DE 284 850 127 Registergericht: Amtsgericht Frankfurt (Oder) Registernummer: HRB 14127 FF Restaurant Fon: +49 (0) 3342 306 6102 E-Mail: restaurant@clinton.de Bistro +49 (0) 3342 306 6102 bistro@clinton.de Business-Events Fon: +49 (0) 3342 306 6099 E-Mail: [...]","protected":false},"author":1,"featured_media":0,"parent":0,"menu_order":99,"comment_status":"closed","ping_status":"closed","template":"","meta":{"_acf_changed":false,"inline_featured_image":false,"footnotes":""},"categories":[1],"tags":[],"class_list":["post-144","page","type-page","status-publish","hentry","category-allgemein"],"acf":[],"_links":{"self":[{"href":"https:\/\/www.clinton.de\/en\/wp-json\/wp\/v2\/pages\/144","targetHints":{"allow":["GET"]}}],"collection":[{"href":"https:\/\/www.clinton.de\/en\/wp-json\/wp\/v2\/pages"}],"about":[{"href":"https:\/\/www.clinton.de\/en\/wp-json\/wp\/v2\/types\/page"}],"author":[{"embeddable":true,"href":"https:\/\/www.clinton.de\/en\/wp-json\/wp\/v2\/users\/1"}],"replies":[{"embeddable":true,"href":"https:\/\/www.clinton.de\/en\/wp-json\/wp\/v2\/comments?post=144"}],"version-history":[{"count":0,"href":"https:\/\/www.clinton.de\/en\/wp-json\/wp\/v2\/pages\/144\/revisions"}],"wp:attachment":[{"href":"https:\/\/www.clinton.de\/en\/wp-json\/wp\/v2\/media?parent=144"}],"wp:term":[{"taxonomy":"category","embeddable":true,"href":"https:\/\/www.clinton.de\/en\/wp-json\/wp\/v2\/categories?post=144"},{"taxonomy":"post_tag","embeddable":true,"href":"https:\/\/www.clinton.de\/en\/wp-json\/wp\/v2\/tags?post=144"}],"curies":[{"name":"wp","href":"https:\/\/api.w.org\/{rel}","templated":true}]}}