{"id":151,"date":"2025-03-10T12:52:28","date_gmt":"2025-03-10T11:52:28","guid":{"rendered":"https:\/\/www.clinton.de\/?page_id=151"},"modified":"2025-03-10T12:58:35","modified_gmt":"2025-03-10T11:58:35","slug":"reference-point","status":"publish","type":"page","link":"https:\/\/www.clinton.de\/en\/hinweisgeberstelle\/","title":{"rendered":"Whistleblowing centre"},"content":{"rendered":"<div class=\"grve-section grve-feature-header\" data-section-title=\"\" data-section-type=\"fullwidth-background\" data-image-type=\"none\" data-full-height=\"no\"  style=\"padding-top: 30px;margin-bottom: 60px;\"><div class=\"grve-row grve-bookmark\"><div class=\"wpb_column grve-column grve-bookmark grve-column-1\"><h1 class=\"grve-element grve-align-left grve-title-no-line grve-h1\" style=\"margin-bottom: 30px;\"><span>Whistleblower centre of the Clinton Group<\/span><\/h1><div class=\"grve-element grve-text\"><p>Compliance with legal regulations and acting socially, respectfully and with integrity is a shared responsibility that we share with our employees, suppliers and partners, and a whistleblowing centre for employees, suppliers and business partners has been set up to uncover misconduct within the Clinton Group. The whistleblower office gives you the opportunity to inform us of suspected corruption, white-collar crime, criminal offences, administrative offences or other violations of the law or regulations.<\/p>\n<p>If you have concrete, well-founded indications of legal violations or breaches of the rules, please send an e-mail to <a href=\"mailto:hinweis@clinton.de?subject=Hinweis%20an%20die%20Clinton-Gruppe\" target=\"_blank\" rel=\"noopener\">hinweis@clinton.de<\/a> Reports can be submitted to the whistleblowing centre or contact can be made for a personal meeting.<\/p>\n<p>Further information on the whistleblowing centre can be found in the <a href=\"https:\/\/www.clinton.de\/en\/faq-on-the-whistleblowing-centre\/\">FAQ<\/a>.<\/p>\n<p>The data protection information for providing information to the Clinton Gro\u00dfhandels-GmbH whistleblowing centre can be found at <a href=\"https:\/\/www.clinton.de\/en\/data-protection-notice-notice-centre\/\">here<\/a>.<\/p>\n<\/div><\/div> <\/div><div class=\"grve-background-wrapper\"><\/div><\/div>","protected":false},"excerpt":{"rendered":"Hinweisgeberstelle der Clinton-GruppeDie Einhaltung gesetzlicher Vorschriften, soziales, respektvolles und integres Handeln ist eine gemeinsame Verantwortung, die wir mit unseren Mitarbeitern, Lieferanten und Partnern teilen.Zur Aufdeckung von Fehlverhalten innerhalb der Clinton-Gruppe wurde eine Hinweisgeberstelle f\u00fcr Besch\u00e4ftigte, Lieferanten und Gesch\u00e4ftspartner eingerichtet. Die Hinweisgeberstelle gibt Ihnen die M\u00f6glichkeit, uns bei Verdacht auf Korruption, wirtschaftskriminelle Handlungen, Straftaten oder Ordnungswidrigkeiten [...]","protected":false},"author":1,"featured_media":0,"parent":0,"menu_order":99,"comment_status":"closed","ping_status":"closed","template":"","meta":{"_acf_changed":false,"inline_featured_image":false,"footnotes":""},"categories":[1],"tags":[],"class_list":["post-151","page","type-page","status-publish","hentry","category-allgemein"],"acf":[],"_links":{"self":[{"href":"https:\/\/www.clinton.de\/en\/wp-json\/wp\/v2\/pages\/151","targetHints":{"allow":["GET"]}}],"collection":[{"href":"https:\/\/www.clinton.de\/en\/wp-json\/wp\/v2\/pages"}],"about":[{"href":"https:\/\/www.clinton.de\/en\/wp-json\/wp\/v2\/types\/page"}],"author":[{"embeddable":true,"href":"https:\/\/www.clinton.de\/en\/wp-json\/wp\/v2\/users\/1"}],"replies":[{"embeddable":true,"href":"https:\/\/www.clinton.de\/en\/wp-json\/wp\/v2\/comments?post=151"}],"version-history":[{"count":0,"href":"https:\/\/www.clinton.de\/en\/wp-json\/wp\/v2\/pages\/151\/revisions"}],"wp:attachment":[{"href":"https:\/\/www.clinton.de\/en\/wp-json\/wp\/v2\/media?parent=151"}],"wp:term":[{"taxonomy":"category","embeddable":true,"href":"https:\/\/www.clinton.de\/en\/wp-json\/wp\/v2\/categories?post=151"},{"taxonomy":"post_tag","embeddable":true,"href":"https:\/\/www.clinton.de\/en\/wp-json\/wp\/v2\/tags?post=151"}],"curies":[{"name":"wp","href":"https:\/\/api.w.org\/{rel}","templated":true}]}}