{"id":2678,"date":"2025-07-30T16:39:52","date_gmt":"2025-07-30T14:39:52","guid":{"rendered":"https:\/\/www.clinton.de\/?page_id=2678"},"modified":"2025-10-15T16:20:06","modified_gmt":"2025-10-15T14:20:06","slug":"events","status":"publish","type":"page","link":"https:\/\/www.clinton.de\/en\/headquarter\/events\/","title":{"rendered":"Events"},"content":{"rendered":"<div class=\"grve-section grve-feature-header\" data-section-title=\"\" data-section-type=\"fullwidth-background\" data-image-type=\"none\" data-full-height=\"no\"  style=\"padding-top: 60px;padding-bottom: 30px;\"><div class=\"grve-row grve-bookmark\"><div class=\"wpb_column grve-column grve-bookmark grve-column-1\"><h2 style=\"text-align: left\" class=\"vc_custom_heading vc_do_custom_heading\" >Current events<\/h2>\t\t<div class=\"clinton-events-container\" data-posts-per-page=\"96\">\n\t\t\t\t\t\t<div id=\"clinton-events-live-region\" class=\"events__search-result\" aria-live=\"polite\" aria-atomic=\"true\">\n\t\t\t\t0 events.\t\t\t<\/div>\n\t\t\t<div class=\"events__overview\" data-excerpt-length=\"120\">\n\t\t\t\t<p>No upcoming events found.<\/p>\t\t\t<\/div>\n\t\t\t\t\t<\/div>\n\t\t<div class=\"vc_empty_space\"   style=\"height: 60px\"><span class=\"vc_empty_space_inner\"><\/span><\/div><div class=\"grve-element grve-slogan grve-align-center\" style=\"margin-bottom: 60px;\">  <p class=\"grve-leader-text\">All events take place at the CLINTON European headquarters at Neuer H\u00f6nower Weg 7, 15366 Hoppegarten. If you have any questions, please contact us by e-mail: <a href=\"mailto:event@clinton.de\">event@clinton.de<\/a>.<\/p><\/div><div class=\"grve-element grve-image grve-align-center\" style=\"margin-bottom: 40px;\"><img loading=\"lazy\" decoding=\"async\" width=\"1920\" height=\"1080\" src=\"https:\/\/www.clinton.de\/wp-content\/uploads\/2025\/07\/stage.jpg\" class=\"attachment-full size-full\" alt=\"stage\" srcset=\"https:\/\/www.clinton.de\/wp-content\/uploads\/2025\/07\/stage.jpg 1920w, https:\/\/www.clinton.de\/wp-content\/uploads\/2025\/07\/stage-300x169.jpg 300w, https:\/\/www.clinton.de\/wp-content\/uploads\/2025\/07\/stage-1024x576.jpg 1024w, https:\/\/www.clinton.de\/wp-content\/uploads\/2025\/07\/stage-768x432.jpg 768w, https:\/\/www.clinton.de\/wp-content\/uploads\/2025\/07\/stage-1536x864.jpg 1536w, https:\/\/www.clinton.de\/wp-content\/uploads\/2025\/07\/stage-560x315.jpg 560w\" sizes=\"auto, (max-width: 1920px) 100vw, 1920px\" \/><\/div><div class=\"grve-element grve-slogan grve-align-center\" style=\"\"><h3 class=\"grve-slogan-title grve-align-center grve-title-line\"><span>The space for your wishes!<\/span><\/h3>  <p class=\"grve-subtitle\">Our multifunctional event space offers customisable areas for meetings, conferences and parties. Different, flexible seating concepts, a stage, state-of-the-art technology, a large screen and individual catering options ensure that your event will be a memorable experience. We make every event idea a reality - and look forward to your event!<\/p><a class=\"grve-btn grve-btn-medium grve-square grve-bg-primary-1 grve-btn-line\" href=\"mailto:events@clinton.de\" target=\"_self\" style=\"\"><span>To the enquiry<\/span><\/a><\/div><\/div> <\/div><div class=\"grve-background-wrapper\"><\/div><\/div>","protected":false},"excerpt":{"rendered":"Aktuelle Veranstaltungen 0 events. No upcoming events found. Alle Events finden in der CLINTON Europazentrale am Neuen H\u00f6nower Weg 7, 15366 Hoppegarten statt. Bei Fragen wenden Sie sich gerne per E-Mail an uns: event@clinton.de.Der Raum f\u00fcr Ihre W\u00fcnsche! Unser multifunktionaler Eventraum bietet individuell gestaltbare Fl\u00e4chen f\u00fcr Tagungen, Konferenzen und Partys. Unterschiedliche, flexible Bestuhlungskonzepte, eine B\u00fchne, [...]","protected":false},"author":104,"featured_media":0,"parent":212,"menu_order":1,"comment_status":"closed","ping_status":"closed","template":"","meta":{"_acf_changed":false,"inline_featured_image":false,"footnotes":""},"categories":[3],"tags":[],"class_list":["post-2678","page","type-page","status-publish","hentry","category-headquarter"],"acf":[],"_links":{"self":[{"href":"https:\/\/www.clinton.de\/en\/wp-json\/wp\/v2\/pages\/2678","targetHints":{"allow":["GET"]}}],"collection":[{"href":"https:\/\/www.clinton.de\/en\/wp-json\/wp\/v2\/pages"}],"about":[{"href":"https:\/\/www.clinton.de\/en\/wp-json\/wp\/v2\/types\/page"}],"author":[{"embeddable":true,"href":"https:\/\/www.clinton.de\/en\/wp-json\/wp\/v2\/users\/104"}],"replies":[{"embeddable":true,"href":"https:\/\/www.clinton.de\/en\/wp-json\/wp\/v2\/comments?post=2678"}],"version-history":[{"count":0,"href":"https:\/\/www.clinton.de\/en\/wp-json\/wp\/v2\/pages\/2678\/revisions"}],"up":[{"embeddable":true,"href":"https:\/\/www.clinton.de\/en\/wp-json\/wp\/v2\/pages\/212"}],"wp:attachment":[{"href":"https:\/\/www.clinton.de\/en\/wp-json\/wp\/v2\/media?parent=2678"}],"wp:term":[{"taxonomy":"category","embeddable":true,"href":"https:\/\/www.clinton.de\/en\/wp-json\/wp\/v2\/categories?post=2678"},{"taxonomy":"post_tag","embeddable":true,"href":"https:\/\/www.clinton.de\/en\/wp-json\/wp\/v2\/tags?post=2678"}],"curies":[{"name":"wp","href":"https:\/\/api.w.org\/{rel}","templated":true}]}}