{"id":280,"date":"2025-03-10T15:36:04","date_gmt":"2025-03-10T14:36:04","guid":{"rendered":"https:\/\/www.clinton.de\/?page_id=280"},"modified":"2025-09-26T17:02:30","modified_gmt":"2025-09-26T15:02:30","slug":"brands","status":"publish","type":"page","link":"https:\/\/www.clinton.de\/en\/company\/brands\/","title":{"rendered":"Brands"},"content":{"rendered":"<div class=\"grve-section grve-feature-header section-brands-gallery\" data-section-title=\"\" data-section-type=\"fullwidth-element\" data-image-type=\"none\" data-full-height=\"no\"><div class=\"grve-row grve-bookmark\"><div class=\"wpb_column grve-column grve-bookmark grve-column-1\"><div class=\"grve-row grve-bookmark brands-gallery\"><div class=\"wpb_column grve-column grve-bookmark grve-column-1-5\"><div class=\"grve-element grve-image grve-align-center\" style=\"\"><a href=\"https:\/\/www.clinton.de\/en\/company\/brands\/camp-david\/\" target=\"_self\"><img loading=\"lazy\" decoding=\"async\" width=\"597\" height=\"1024\" src=\"https:\/\/www.clinton.de\/wp-content\/uploads\/2025\/09\/split-cad_20250916-597x1024.jpg\" class=\"attachment-large size-large\" alt=\"split-cad_20250916\" srcset=\"https:\/\/www.clinton.de\/wp-content\/uploads\/2025\/09\/split-cad_20250916-597x1024.jpg 597w, https:\/\/www.clinton.de\/wp-content\/uploads\/2025\/09\/split-cad_20250916-175x300.jpg 175w, https:\/\/www.clinton.de\/wp-content\/uploads\/2025\/09\/split-cad_20250916.jpg 630w\" sizes=\"auto, (max-width: 597px) 100vw, 597px\" \/><\/a><\/div><\/div><div class=\"wpb_column grve-column grve-bookmark grve-column-1-5\"><div class=\"grve-element grve-image grve-align-center\" style=\"\"><a href=\"https:\/\/www.clinton.de\/en\/company\/brands\/soccx\/\" target=\"_self\"><img loading=\"lazy\" decoding=\"async\" width=\"597\" height=\"1024\" src=\"https:\/\/www.clinton.de\/wp-content\/uploads\/2025\/09\/split-scx_20250916-597x1024.jpg\" class=\"attachment-large size-large\" alt=\"split-scx_20250916\" srcset=\"https:\/\/www.clinton.de\/wp-content\/uploads\/2025\/09\/split-scx_20250916-597x1024.jpg 597w, https:\/\/www.clinton.de\/wp-content\/uploads\/2025\/09\/split-scx_20250916-175x300.jpg 175w, https:\/\/www.clinton.de\/wp-content\/uploads\/2025\/09\/split-scx_20250916.jpg 630w\" sizes=\"auto, (max-width: 597px) 100vw, 597px\" \/><\/a><\/div><\/div><div class=\"wpb_column grve-column grve-bookmark grve-column-1-5\"><div class=\"grve-element grve-image grve-align-center\" style=\"\"><a href=\"https:\/\/www.clinton.de\/en\/company\/brands\/harlem-soul\/\" target=\"_self\"><img loading=\"lazy\" decoding=\"async\" width=\"597\" height=\"1024\" src=\"https:\/\/www.clinton.de\/wp-content\/uploads\/2025\/09\/split-hrlmsl_20250916-597x1024.jpg\" class=\"attachment-large size-large\" alt=\"split-hrlmsl_20250916\" srcset=\"https:\/\/www.clinton.de\/wp-content\/uploads\/2025\/09\/split-hrlmsl_20250916-597x1024.jpg 597w, https:\/\/www.clinton.de\/wp-content\/uploads\/2025\/09\/split-hrlmsl_20250916-175x300.jpg 175w, https:\/\/www.clinton.de\/wp-content\/uploads\/2025\/09\/split-hrlmsl_20250916.jpg 630w\" sizes=\"auto, (max-width: 597px) 100vw, 597px\" \/><\/a><\/div><\/div><div class=\"wpb_column grve-column grve-bookmark grve-column-1-5\"><div class=\"grve-element grve-image grve-align-center\" style=\"\"><a href=\"https:\/\/www.clinton.de\/en\/company\/brands\/senses-the-label\/\" target=\"_self\"><img loading=\"lazy\" decoding=\"async\" width=\"597\" height=\"1024\" src=\"https:\/\/www.clinton.de\/wp-content\/uploads\/2025\/09\/split-sel_20250916-597x1024.jpg\" class=\"attachment-large size-large\" alt=\"split-sel_20250916\" srcset=\"https:\/\/www.clinton.de\/wp-content\/uploads\/2025\/09\/split-sel_20250916-597x1024.jpg 597w, https:\/\/www.clinton.de\/wp-content\/uploads\/2025\/09\/split-sel_20250916-175x300.jpg 175w, https:\/\/www.clinton.de\/wp-content\/uploads\/2025\/09\/split-sel_20250916.jpg 630w\" sizes=\"auto, (max-width: 597px) 100vw, 597px\" \/><\/a><\/div><\/div><div class=\"wpb_column grve-column grve-bookmark grve-column-1-5\"><div class=\"grve-element grve-image grve-align-center\" style=\"\"><a href=\"https:\/\/www.clinton.de\/en\/contact\/#call\" target=\"_self\"><img loading=\"lazy\" decoding=\"async\" width=\"597\" height=\"1024\" src=\"https:\/\/www.clinton.de\/wp-content\/uploads\/2025\/09\/630x1080px_3er-split-gaastra-597x1024.jpg\" class=\"attachment-large size-large\" alt=\"630x1080px_3er-split-gaastra\" srcset=\"https:\/\/www.clinton.de\/wp-content\/uploads\/2025\/09\/630x1080px_3er-split-gaastra-597x1024.jpg 597w, https:\/\/www.clinton.de\/wp-content\/uploads\/2025\/09\/630x1080px_3er-split-gaastra-175x300.jpg 175w, https:\/\/www.clinton.de\/wp-content\/uploads\/2025\/09\/630x1080px_3er-split-gaastra-7x12.jpg 7w, https:\/\/www.clinton.de\/wp-content\/uploads\/2025\/09\/630x1080px_3er-split-gaastra.jpg 630w\" sizes=\"auto, (max-width: 597px) 100vw, 597px\" \/><\/a><\/div><\/div><\/div><\/div> <\/div><div class=\"grve-background-wrapper\"><\/div><\/div><div class=\"grve-section section-slogan\" data-section-title=\"\" data-section-type=\"in-container\" data-image-type=\"none\" data-full-height=\"no\"  style=\"margin-bottom: 120px;\"><div class=\"grve-row grve-bookmark\"><div class=\"wpb_column grve-column grve-bookmark grve-column-1\"><div class=\"grve-element grve-slogan grve-align-center grve-animated-item grve-fadeIn\" style=\"\" data-delay=\"200\"><h4 class=\"grve-slogan-title grve-align-center grve-title-no-line\"><span>CAMP DAVID | SOCCX | HARLEM SOUL | SENSES.THE LABEL | GAASTRA<\/span><\/h4>  <p class=\"\">WE ARE FASHION PEOPLE - and have been doing so with passion for over 30 years.<br \/>\nInspired by a love of detail, the demand for the highest quality and the aim of reinterpreting casual wear in an unmistakable way, we design fashion and brands. We want to inspire and excite people with our fashion and continuously strive for improvement and take responsibility for the environment and society.<br \/>\n<\/p><a class=\"grve-btn grve-btn-extrasmall grve-square grve-bg-primary-1\" href=\"https:\/\/www.clinton.de\/en\/company\/career\/job-offers\/\" target=\"_self\" style=\"\"><span>YOUR CAREER WITH US<\/span><\/a><a class=\"grve-btn grve-btn-extrasmall grve-square grve-bg-primary-1 grve-btn-line\" href=\"https:\/\/www.clinton.de\/en\/company\/sustainability\/\" target=\"_self\" style=\"\"><span>SUSTAINABILITY<\/span><\/a><\/div><\/div> <\/div><div class=\"grve-background-wrapper\"><\/div><\/div>","protected":false},"excerpt":{"rendered":"CAMP DAVID | SOCCX | HARLEM SOUL | SENSES.THE LABEL | GAASTRA WE ARE FASHION PEOPLE \u2013 und das voller Leidenschaft seit \u00fcber 30 Jahren. Inspiriert von der Liebe zum Detail, dem Anspruch an h\u00f6chste Qualit\u00e4t und dem Ziel, Casual Wear auf unverwechselbare Art neu zu interpretieren, gestalten wir Mode und Marken. Wir m\u00f6chten Menschen [...]","protected":false},"author":1,"featured_media":0,"parent":121,"menu_order":1,"comment_status":"closed","ping_status":"closed","template":"","meta":{"_acf_changed":false,"inline_featured_image":false,"footnotes":""},"categories":[2],"tags":[],"class_list":["post-280","page","type-page","status-publish","hentry","category-company"],"acf":[],"_links":{"self":[{"href":"https:\/\/www.clinton.de\/en\/wp-json\/wp\/v2\/pages\/280","targetHints":{"allow":["GET"]}}],"collection":[{"href":"https:\/\/www.clinton.de\/en\/wp-json\/wp\/v2\/pages"}],"about":[{"href":"https:\/\/www.clinton.de\/en\/wp-json\/wp\/v2\/types\/page"}],"author":[{"embeddable":true,"href":"https:\/\/www.clinton.de\/en\/wp-json\/wp\/v2\/users\/1"}],"replies":[{"embeddable":true,"href":"https:\/\/www.clinton.de\/en\/wp-json\/wp\/v2\/comments?post=280"}],"version-history":[{"count":0,"href":"https:\/\/www.clinton.de\/en\/wp-json\/wp\/v2\/pages\/280\/revisions"}],"up":[{"embeddable":true,"href":"https:\/\/www.clinton.de\/en\/wp-json\/wp\/v2\/pages\/121"}],"wp:attachment":[{"href":"https:\/\/www.clinton.de\/en\/wp-json\/wp\/v2\/media?parent=280"}],"wp:term":[{"taxonomy":"category","embeddable":true,"href":"https:\/\/www.clinton.de\/en\/wp-json\/wp\/v2\/categories?post=280"},{"taxonomy":"post_tag","embeddable":true,"href":"https:\/\/www.clinton.de\/en\/wp-json\/wp\/v2\/tags?post=280"}],"curies":[{"name":"wp","href":"https:\/\/api.w.org\/{rel}","templated":true}]}}