{"id":481,"date":"2025-03-11T12:48:19","date_gmt":"2025-03-11T11:48:19","guid":{"rendered":"https:\/\/www.clinton.de\/?page_id=481"},"modified":"2025-03-24T11:48:15","modified_gmt":"2025-03-24T10:48:15","slug":"clintons-bistro-intranet","status":"publish","type":"page","link":"https:\/\/www.clinton.de\/en\/headquarter\/gastronomie\/clintons-bistro-intranet\/","title":{"rendered":"Clinton`s Bistro Intranet"},"content":{"rendered":"<div class=\"grve-section\" data-section-title=\"\" data-section-type=\"fullwidth-background\" data-image-type=\"none\" data-full-height=\"no\"><div class=\"grve-row grve-bookmark\"><div class=\"wpb_column grve-column grve-bookmark grve-column-1\"><div class=\"wochenkarte form-disabled\">\r\n\t\t\t<div class=\"wochenkarte__day\">\r\n\t\t\t<div class=\"wochenkarte__day__inner\">\r\n\t\t\t\t<h2 class=\"wochenkarte__day__titel\">\r\n\t\t\t\t\t<div class=\"wochenkarte__day__titel-day\">Monday<\/div>\r\n\t\t\t\t\t<div class=\"wochenkarte__day__titel-date\">06.04.2026<\/div>\r\n\t\t\t\t<\/h2>\r\n\t\t\t\t\t\t\t\t\t<div class=\"wochenkarte__day__info\">Closed<\/div>\r\n\t\t\t\t\t\t\t\t\t\t\t\t\t\t\t\t\t\t\t\t\t\t\t\t<\/div>\r\n\t\t<\/div>\r\n\t\t\t<div class=\"wochenkarte__day\">\r\n\t\t\t<div class=\"wochenkarte__day__inner\">\r\n\t\t\t\t<h2 class=\"wochenkarte__day__titel\">\r\n\t\t\t\t\t<div class=\"wochenkarte__day__titel-day\">Tuesday<\/div>\r\n\t\t\t\t\t<div class=\"wochenkarte__day__titel-date\">07.04.2026<\/div>\r\n\t\t\t\t<\/h2>\r\n\t\t\t\t\t\t\t\t\t\t\t\t\t\t\t\t\t\t\t\t\t\t\t<div class=\"wochenkarte__day__gericht\" data-price=\"8.9\" data-title=\"Frische Bowls mit Topping nach Wahl, t\u00e4glich wechselnd\" data-day=\"07.04.2026\" data-product=\"1491\">\r\n\t\t\t\t\t\t\t<div class=\"wochenkarte__day__gericht__header\">\r\n\t\t\t\t\t\t\t\t<div class=\"wochenkarte__day__gericht__type\">Day Bowl<\/div>\r\n\t\t\t\t\t\t\t\t<div class=\"wochenkarte__day__gericht__price\">8,90 \u20ac<\/div>\r\n\t\t\t\t\t\t\t<\/div>\r\n\t\t\t\t\t\t\t<div class=\"wochenkarte__day__gericht__body\">\r\n\t\t\t\t\t\t\t\t<div class=\"wochenkarte__day__gericht__infos\">\r\n\t\t\t\t\t\t\t\t\t<h3 class=\"wochenkarte__day__gericht__titel\">Fresh bowls with toppings of your choice, changing daily<\/h3>\r\n\t\t\t\t\t\t\t\t\t\t\t\t\t\t\t\t\t\t\t\t\t\t\t\t\t\t<\/div>\r\n\t\t\t\t\t\t\t\t\t\t\t\t\t\t\t<\/div>\r\n\t\t\t\t\t\t\t\t\t\t\t\t\t<\/div>\r\n\t\t\t\t\t\t\t\t\t\t\t<div class=\"wochenkarte__day__gericht\" data-price=\"8.9\" data-title=\"Berliner Currywurst mit Pommes\" data-day=\"07.04.2026\" data-product=\"1605\">\r\n\t\t\t\t\t\t\t<div class=\"wochenkarte__day__gericht__header\">\r\n\t\t\t\t\t\t\t\t<div class=\"wochenkarte__day__gericht__type\">Dish of the day<\/div>\r\n\t\t\t\t\t\t\t\t<div class=\"wochenkarte__day__gericht__price\">8,90 \u20ac<\/div>\r\n\t\t\t\t\t\t\t<\/div>\r\n\t\t\t\t\t\t\t<div class=\"wochenkarte__day__gericht__body\">\r\n\t\t\t\t\t\t\t\t<div class=\"wochenkarte__day__gericht__infos\">\r\n\t\t\t\t\t\t\t\t\t<h3 class=\"wochenkarte__day__gericht__titel\">Berlin currywurst with chips<\/h3>\r\n\t\t\t\t\t\t\t\t\t\t\t\t\t\t\t\t\t\t\t\t\t\t\t\t\t\t<\/div>\r\n\t\t\t\t\t\t\t\t\t\t\t\t\t\t\t<\/div>\r\n\t\t\t\t\t\t\t\t\t\t\t\t\t<\/div>\r\n\t\t\t\t\t\t\t\t\t\t\t<div class=\"wochenkarte__day__gericht\" data-price=\"9.9\" data-title=\"Gem\u00fcse- Nudel Auflauf mit K\u00e4se \u00fcberbacken und Salat\" data-day=\"07.04.2026\" data-product=\"1723\">\r\n\t\t\t\t\t\t\t<div class=\"wochenkarte__day__gericht__header\">\r\n\t\t\t\t\t\t\t\t<div class=\"wochenkarte__day__gericht__type\">Dish of the day<\/div>\r\n\t\t\t\t\t\t\t\t<div class=\"wochenkarte__day__gericht__price\">9,90 \u20ac<\/div>\r\n\t\t\t\t\t\t\t<\/div>\r\n\t\t\t\t\t\t\t<div class=\"wochenkarte__day__gericht__body\">\r\n\t\t\t\t\t\t\t\t<div class=\"wochenkarte__day__gericht__infos\">\r\n\t\t\t\t\t\t\t\t\t<h3 class=\"wochenkarte__day__gericht__titel\">Vegetable pasta bake topped with cheese and salad<\/h3>\r\n\t\t\t\t\t\t\t\t\t\t\t\t\t\t\t\t\t\t\t\t\t\t\t\t\t\t\t\t<div class=\"wochenkarte__day__gericht__allergene\">\r\n\t\t\t\t\t\t\t\t\t\t\t(\r\n\t\t\t\t\t\t\t\t\t\t\t\t\t\t\t\t\t\t\t\t\t\t\t\t\t\t<span class=\"wochenkarte__day__gericht__allergene__item\">a<\/span>\r\n\t\t\t\t\t\t\t\t\t\t\t\t\t\t\t\t\t\t\t\t\t\t\t\t\t\t\t<span class=\"wochenkarte__day__gericht__allergene__item\">c<\/span>\r\n\t\t\t\t\t\t\t\t\t\t\t\t\t\t\t\t\t\t\t\t\t\t\t\t\t\t\t<span class=\"wochenkarte__day__gericht__allergene__item\">g<\/span>\r\n\t\t\t\t\t\t\t\t\t\t\t\t\t\t\t\t\t\t\t\t\t\t\t\t)\r\n\t\t\t\t\t\t\t\t\t\t<\/div>\r\n\t\t\t\t\t\t\t\t\t\t\t\t\t\t\t\t\t<\/div>\r\n\t\t\t\t\t\t\t\t\t\t\t\t\t\t\t<\/div>\r\n\t\t\t\t\t\t\t\t\t\t\t\t\t<\/div>\r\n\t\t\t\t\t\t\t\t\t\t\t<div class=\"wochenkarte__day__gericht\" data-price=\"10.90\" data-title=\"H\u00e4hnchenspie\u00df in Paprikaragout, Brokkoli und Reis\" data-day=\"07.04.2026\" data-product=\"1553\">\r\n\t\t\t\t\t\t\t<div class=\"wochenkarte__day__gericht__header\">\r\n\t\t\t\t\t\t\t\t<div class=\"wochenkarte__day__gericht__type\">Dish of the day<\/div>\r\n\t\t\t\t\t\t\t\t<div class=\"wochenkarte__day__gericht__price\">10,90 \u20ac<\/div>\r\n\t\t\t\t\t\t\t<\/div>\r\n\t\t\t\t\t\t\t<div class=\"wochenkarte__day__gericht__body\">\r\n\t\t\t\t\t\t\t\t<div class=\"wochenkarte__day__gericht__infos\">\r\n\t\t\t\t\t\t\t\t\t<h3 class=\"wochenkarte__day__gericht__titel\">Chicken skewer in paprika ragout, broccoli and rice<\/h3>\r\n\t\t\t\t\t\t\t\t\t\t\t\t\t\t\t\t\t\t\t\t\t\t\t\t\t\t\t\t<div class=\"wochenkarte__day__gericht__allergene\">\r\n\t\t\t\t\t\t\t\t\t\t\t(\r\n\t\t\t\t\t\t\t\t\t\t\t\t\t\t\t\t\t\t\t\t\t\t\t\t\t\t<span class=\"wochenkarte__day__gericht__allergene__item\">c<\/span>\r\n\t\t\t\t\t\t\t\t\t\t\t\t\t\t\t\t\t\t\t\t\t\t\t\t)\r\n\t\t\t\t\t\t\t\t\t\t<\/div>\r\n\t\t\t\t\t\t\t\t\t\t\t\t\t\t\t\t\t<\/div>\r\n\t\t\t\t\t\t\t\t\t\t\t\t\t\t\t<\/div>\r\n\t\t\t\t\t\t\t\t\t\t\t\t\t<\/div>\r\n\t\t\t\t\t\t\t\t\t\t\t\t<\/div>\r\n\t\t<\/div>\r\n\t\t\t<div class=\"wochenkarte__day\">\r\n\t\t\t<div class=\"wochenkarte__day__inner\">\r\n\t\t\t\t<h2 class=\"wochenkarte__day__titel\">\r\n\t\t\t\t\t<div class=\"wochenkarte__day__titel-day\">Wednesday<\/div>\r\n\t\t\t\t\t<div class=\"wochenkarte__day__titel-date\">08.04.2026<\/div>\r\n\t\t\t\t<\/h2>\r\n\t\t\t\t\t\t\t\t\t\t\t\t\t\t\t\t\t\t\t\t\t\t\t<div class=\"wochenkarte__day__gericht\" data-price=\"8.9\" data-title=\"Frische Bowls mit Topping nach Wahl, t\u00e4glich wechselnd\" data-day=\"08.04.2026\" data-product=\"1491\">\r\n\t\t\t\t\t\t\t<div class=\"wochenkarte__day__gericht__header\">\r\n\t\t\t\t\t\t\t\t<div class=\"wochenkarte__day__gericht__type\">Day Bowl<\/div>\r\n\t\t\t\t\t\t\t\t<div class=\"wochenkarte__day__gericht__price\">8,90 \u20ac<\/div>\r\n\t\t\t\t\t\t\t<\/div>\r\n\t\t\t\t\t\t\t<div class=\"wochenkarte__day__gericht__body\">\r\n\t\t\t\t\t\t\t\t<div class=\"wochenkarte__day__gericht__infos\">\r\n\t\t\t\t\t\t\t\t\t<h3 class=\"wochenkarte__day__gericht__titel\">Fresh bowls with toppings of your choice, changing daily<\/h3>\r\n\t\t\t\t\t\t\t\t\t\t\t\t\t\t\t\t\t\t\t\t\t\t\t\t\t\t<\/div>\r\n\t\t\t\t\t\t\t\t\t\t\t\t\t\t\t<\/div>\r\n\t\t\t\t\t\t\t\t\t\t\t\t\t<\/div>\r\n\t\t\t\t\t\t\t\t\t\t\t<div class=\"wochenkarte__day__gericht\" data-price=\"9.9\" data-title=\"J\u00e4gerschnitzel mit Spirelli, Tomatenso\u00dfe und Parmesan\" data-day=\"08.04.2026\" data-product=\"1611\">\r\n\t\t\t\t\t\t\t<div class=\"wochenkarte__day__gericht__header\">\r\n\t\t\t\t\t\t\t\t<div class=\"wochenkarte__day__gericht__type\">Dish of the day<\/div>\r\n\t\t\t\t\t\t\t\t<div class=\"wochenkarte__day__gericht__price\">9,90 \u20ac<\/div>\r\n\t\t\t\t\t\t\t<\/div>\r\n\t\t\t\t\t\t\t<div class=\"wochenkarte__day__gericht__body\">\r\n\t\t\t\t\t\t\t\t<div class=\"wochenkarte__day__gericht__infos\">\r\n\t\t\t\t\t\t\t\t\t<h3 class=\"wochenkarte__day__gericht__titel\">Hunter's cutlet with spirelli, tomato sauce and parmesan cheese<\/h3>\r\n\t\t\t\t\t\t\t\t\t\t\t\t\t\t\t\t\t\t\t\t\t\t\t\t\t\t\t\t<div class=\"wochenkarte__day__gericht__allergene\">\r\n\t\t\t\t\t\t\t\t\t\t\t(\r\n\t\t\t\t\t\t\t\t\t\t\t\t\t\t\t\t\t\t\t\t\t\t\t\t\t\t<span class=\"wochenkarte__day__gericht__allergene__item\">a<\/span>\r\n\t\t\t\t\t\t\t\t\t\t\t\t\t\t\t\t\t\t\t\t\t\t\t\t\t\t\t<span class=\"wochenkarte__day__gericht__allergene__item\">c<\/span>\r\n\t\t\t\t\t\t\t\t\t\t\t\t\t\t\t\t\t\t\t\t\t\t\t\t\t\t\t<span class=\"wochenkarte__day__gericht__allergene__item\">g<\/span>\r\n\t\t\t\t\t\t\t\t\t\t\t\t\t\t\t\t\t\t\t\t\t\t\t\t)\r\n\t\t\t\t\t\t\t\t\t\t<\/div>\r\n\t\t\t\t\t\t\t\t\t\t\t\t\t\t\t\t\t<\/div>\r\n\t\t\t\t\t\t\t\t\t\t\t\t\t\t\t<\/div>\r\n\t\t\t\t\t\t\t\t\t\t\t\t\t<\/div>\r\n\t\t\t\t\t\t\t\t\t\t\t<div class=\"wochenkarte__day__gericht\" data-price=\"10.90\" data-title=\"Edles Matjesfilet mit Hausfrauenso\u00dfe und Kartoffel Dippers\" data-day=\"08.04.2026\" data-product=\"1607\">\r\n\t\t\t\t\t\t\t<div class=\"wochenkarte__day__gericht__header\">\r\n\t\t\t\t\t\t\t\t<div class=\"wochenkarte__day__gericht__type\">Dish of the day<\/div>\r\n\t\t\t\t\t\t\t\t<div class=\"wochenkarte__day__gericht__price\">10,90 \u20ac<\/div>\r\n\t\t\t\t\t\t\t<\/div>\r\n\t\t\t\t\t\t\t<div class=\"wochenkarte__day__gericht__body\">\r\n\t\t\t\t\t\t\t\t<div class=\"wochenkarte__day__gericht__infos\">\r\n\t\t\t\t\t\t\t\t\t<h3 class=\"wochenkarte__day__gericht__titel\">Noble matjes fillet with housewife sauce and potato dippers<\/h3>\r\n\t\t\t\t\t\t\t\t\t\t\t\t\t\t\t\t\t\t\t\t\t\t\t\t\t\t\t\t<div class=\"wochenkarte__day__gericht__allergene\">\r\n\t\t\t\t\t\t\t\t\t\t\t(\r\n\t\t\t\t\t\t\t\t\t\t\t\t\t\t\t\t\t\t\t\t\t\t\t\t\t\t<span class=\"wochenkarte__day__gericht__allergene__item\">d<\/span>\r\n\t\t\t\t\t\t\t\t\t\t\t\t\t\t\t\t\t\t\t\t\t\t\t\t\t\t\t<span class=\"wochenkarte__day__gericht__allergene__item\">g<\/span>\r\n\t\t\t\t\t\t\t\t\t\t\t\t\t\t\t\t\t\t\t\t\t\t\t\t)\r\n\t\t\t\t\t\t\t\t\t\t<\/div>\r\n\t\t\t\t\t\t\t\t\t\t\t\t\t\t\t\t\t<\/div>\r\n\t\t\t\t\t\t\t\t\t\t\t\t\t\t\t<\/div>\r\n\t\t\t\t\t\t\t\t\t\t\t\t\t<\/div>\r\n\t\t\t\t\t\t\t\t\t\t\t<div class=\"wochenkarte__day__gericht\" data-price=\"9.90\" data-title=\"Hausgemachte Kartoffel- Karottenr\u00f6stis mit Gem\u00fcse und Kr\u00e4uterdip\" data-day=\"08.04.2026\" data-product=\"1777\">\r\n\t\t\t\t\t\t\t<div class=\"wochenkarte__day__gericht__header\">\r\n\t\t\t\t\t\t\t\t<div class=\"wochenkarte__day__gericht__type\">Dish of the day<\/div>\r\n\t\t\t\t\t\t\t\t<div class=\"wochenkarte__day__gericht__price\">9,90 \u20ac<\/div>\r\n\t\t\t\t\t\t\t<\/div>\r\n\t\t\t\t\t\t\t<div class=\"wochenkarte__day__gericht__body\">\r\n\t\t\t\t\t\t\t\t<div class=\"wochenkarte__day__gericht__infos\">\r\n\t\t\t\t\t\t\t\t\t<h3 class=\"wochenkarte__day__gericht__titel\">Homemade potato and carrot roast with vegetables and herb dip<\/h3>\r\n\t\t\t\t\t\t\t\t\t\t\t\t\t\t\t\t\t\t\t\t\t\t\t\t\t\t\t\t<div class=\"wochenkarte__day__gericht__allergene\">\r\n\t\t\t\t\t\t\t\t\t\t\t(\r\n\t\t\t\t\t\t\t\t\t\t\t\t\t\t\t\t\t\t\t\t\t\t\t\t\t\t<span class=\"wochenkarte__day__gericht__allergene__item\">g<\/span>\r\n\t\t\t\t\t\t\t\t\t\t\t\t\t\t\t\t\t\t\t\t\t\t\t\t\t\t\t<span class=\"wochenkarte__day__gericht__allergene__item\">i<\/span>\r\n\t\t\t\t\t\t\t\t\t\t\t\t\t\t\t\t\t\t\t\t\t\t\t\t)\r\n\t\t\t\t\t\t\t\t\t\t<\/div>\r\n\t\t\t\t\t\t\t\t\t\t\t\t\t\t\t\t\t<\/div>\r\n\t\t\t\t\t\t\t\t\t\t\t\t\t\t\t<\/div>\r\n\t\t\t\t\t\t\t\t\t\t\t\t\t<\/div>\r\n\t\t\t\t\t\t\t\t\t\t\t\t<\/div>\r\n\t\t<\/div>\r\n\t\t\t<div class=\"wochenkarte__day\">\r\n\t\t\t<div class=\"wochenkarte__day__inner\">\r\n\t\t\t\t<h2 class=\"wochenkarte__day__titel\">\r\n\t\t\t\t\t<div class=\"wochenkarte__day__titel-day\">Thursday<\/div>\r\n\t\t\t\t\t<div class=\"wochenkarte__day__titel-date\">09.04.2026<\/div>\r\n\t\t\t\t<\/h2>\r\n\t\t\t\t\t\t\t\t\t\t\t\t\t\t\t\t\t\t\t\t\t\t\t<div class=\"wochenkarte__day__gericht\" data-price=\"8.9\" data-title=\"Frische Bowls mit Topping nach Wahl, t\u00e4glich wechselnd\" data-day=\"09.04.2026\" data-product=\"1491\">\r\n\t\t\t\t\t\t\t<div class=\"wochenkarte__day__gericht__header\">\r\n\t\t\t\t\t\t\t\t<div class=\"wochenkarte__day__gericht__type\">Day Bowl<\/div>\r\n\t\t\t\t\t\t\t\t<div class=\"wochenkarte__day__gericht__price\">8,90 \u20ac<\/div>\r\n\t\t\t\t\t\t\t<\/div>\r\n\t\t\t\t\t\t\t<div class=\"wochenkarte__day__gericht__body\">\r\n\t\t\t\t\t\t\t\t<div class=\"wochenkarte__day__gericht__infos\">\r\n\t\t\t\t\t\t\t\t\t<h3 class=\"wochenkarte__day__gericht__titel\">Fresh bowls with toppings of your choice, changing daily<\/h3>\r\n\t\t\t\t\t\t\t\t\t\t\t\t\t\t\t\t\t\t\t\t\t\t\t\t\t\t<\/div>\r\n\t\t\t\t\t\t\t\t\t\t\t\t\t\t\t<\/div>\r\n\t\t\t\t\t\t\t\t\t\t\t\t\t<\/div>\r\n\t\t\t\t\t\t\t\t\t\t\t<div class=\"wochenkarte__day__gericht\" data-price=\"10.9\" data-title=\"Hausgemachte Kapernklopse mit Salzkartoffeln und rote Beete\" data-day=\"09.04.2026\" data-product=\"1665\">\r\n\t\t\t\t\t\t\t<div class=\"wochenkarte__day__gericht__header\">\r\n\t\t\t\t\t\t\t\t<div class=\"wochenkarte__day__gericht__type\">Dish of the day<\/div>\r\n\t\t\t\t\t\t\t\t<div class=\"wochenkarte__day__gericht__price\">10,90 \u20ac<\/div>\r\n\t\t\t\t\t\t\t<\/div>\r\n\t\t\t\t\t\t\t<div class=\"wochenkarte__day__gericht__body\">\r\n\t\t\t\t\t\t\t\t<div class=\"wochenkarte__day__gericht__infos\">\r\n\t\t\t\t\t\t\t\t\t<h3 class=\"wochenkarte__day__gericht__titel\">Homemade caper meatballs with boiled potatoes and beetroot<\/h3>\r\n\t\t\t\t\t\t\t\t\t\t\t\t\t\t\t\t\t\t\t\t\t\t\t\t\t\t\t\t<div class=\"wochenkarte__day__gericht__allergene\">\r\n\t\t\t\t\t\t\t\t\t\t\t(\r\n\t\t\t\t\t\t\t\t\t\t\t\t\t\t\t\t\t\t\t\t\t\t\t\t\t\t<span class=\"wochenkarte__day__gericht__allergene__item\">a<\/span>\r\n\t\t\t\t\t\t\t\t\t\t\t\t\t\t\t\t\t\t\t\t\t\t\t\t\t\t\t<span class=\"wochenkarte__day__gericht__allergene__item\">c<\/span>\r\n\t\t\t\t\t\t\t\t\t\t\t\t\t\t\t\t\t\t\t\t\t\t\t\t\t\t\t<span class=\"wochenkarte__day__gericht__allergene__item\">g<\/span>\r\n\t\t\t\t\t\t\t\t\t\t\t\t\t\t\t\t\t\t\t\t\t\t\t\t)\r\n\t\t\t\t\t\t\t\t\t\t<\/div>\r\n\t\t\t\t\t\t\t\t\t\t\t\t\t\t\t\t\t<\/div>\r\n\t\t\t\t\t\t\t\t\t\t\t\t\t\t\t<\/div>\r\n\t\t\t\t\t\t\t\t\t\t\t\t\t<\/div>\r\n\t\t\t\t\t\t\t\t\t\t\t<div class=\"wochenkarte__day__gericht\" data-price=\"9.9\" data-title=\"Gulaschsuppe mit frischem Brot\" data-day=\"09.04.2026\" data-product=\"1826\">\r\n\t\t\t\t\t\t\t<div class=\"wochenkarte__day__gericht__header\">\r\n\t\t\t\t\t\t\t\t<div class=\"wochenkarte__day__gericht__type\">Dish of the day<\/div>\r\n\t\t\t\t\t\t\t\t<div class=\"wochenkarte__day__gericht__price\">9,90 \u20ac<\/div>\r\n\t\t\t\t\t\t\t<\/div>\r\n\t\t\t\t\t\t\t<div class=\"wochenkarte__day__gericht__body\">\r\n\t\t\t\t\t\t\t\t<div class=\"wochenkarte__day__gericht__infos\">\r\n\t\t\t\t\t\t\t\t\t<h3 class=\"wochenkarte__day__gericht__titel\">Goulash soup with fresh bread<\/h3>\r\n\t\t\t\t\t\t\t\t\t\t\t\t\t\t\t\t\t\t\t\t\t\t\t\t\t\t\t\t<div class=\"wochenkarte__day__gericht__allergene\">\r\n\t\t\t\t\t\t\t\t\t\t\t(\r\n\t\t\t\t\t\t\t\t\t\t\t\t\t\t\t\t\t\t\t\t\t\t\t\t\t\t<span class=\"wochenkarte__day__gericht__allergene__item\">a<\/span>\r\n\t\t\t\t\t\t\t\t\t\t\t\t\t\t\t\t\t\t\t\t\t\t\t\t\t\t\t<span class=\"wochenkarte__day__gericht__allergene__item\">i<\/span>\r\n\t\t\t\t\t\t\t\t\t\t\t\t\t\t\t\t\t\t\t\t\t\t\t\t)\r\n\t\t\t\t\t\t\t\t\t\t<\/div>\r\n\t\t\t\t\t\t\t\t\t\t\t\t\t\t\t\t\t<\/div>\r\n\t\t\t\t\t\t\t\t\t\t\t\t\t\t\t<\/div>\r\n\t\t\t\t\t\t\t\t\t\t\t\t\t<\/div>\r\n\t\t\t\t\t\t\t\t\t\t\t<div class=\"wochenkarte__day__gericht\" data-price=\"9.9\" data-title=\"Rahmspinat mit R\u00fchrei und Kartoffeln\" data-day=\"09.04.2026\" data-product=\"1477\">\r\n\t\t\t\t\t\t\t<div class=\"wochenkarte__day__gericht__header\">\r\n\t\t\t\t\t\t\t\t<div class=\"wochenkarte__day__gericht__type\">Dish of the day<\/div>\r\n\t\t\t\t\t\t\t\t<div class=\"wochenkarte__day__gericht__price\">9,90 \u20ac<\/div>\r\n\t\t\t\t\t\t\t<\/div>\r\n\t\t\t\t\t\t\t<div class=\"wochenkarte__day__gericht__body\">\r\n\t\t\t\t\t\t\t\t<div class=\"wochenkarte__day__gericht__infos\">\r\n\t\t\t\t\t\t\t\t\t<h3 class=\"wochenkarte__day__gericht__titel\">Creamed spinach with scrambled eggs and potatoes<\/h3>\r\n\t\t\t\t\t\t\t\t\t\t\t\t\t\t\t\t\t\t\t\t\t\t\t\t\t\t\t\t<div class=\"wochenkarte__day__gericht__allergene\">\r\n\t\t\t\t\t\t\t\t\t\t\t(\r\n\t\t\t\t\t\t\t\t\t\t\t\t\t\t\t\t\t\t\t\t\t\t\t\t\t\t<span class=\"wochenkarte__day__gericht__allergene__item\">c<\/span>\r\n\t\t\t\t\t\t\t\t\t\t\t\t\t\t\t\t\t\t\t\t\t\t\t\t)\r\n\t\t\t\t\t\t\t\t\t\t<\/div>\r\n\t\t\t\t\t\t\t\t\t\t\t\t\t\t\t\t\t<\/div>\r\n\t\t\t\t\t\t\t\t\t\t\t\t\t\t\t<\/div>\r\n\t\t\t\t\t\t\t\t\t\t\t\t\t<\/div>\r\n\t\t\t\t\t\t\t\t\t\t\t\t<\/div>\r\n\t\t<\/div>\r\n\t\t\t<div class=\"wochenkarte__day\">\r\n\t\t\t<div class=\"wochenkarte__day__inner\">\r\n\t\t\t\t<h2 class=\"wochenkarte__day__titel\">\r\n\t\t\t\t\t<div class=\"wochenkarte__day__titel-day\">Friday<\/div>\r\n\t\t\t\t\t<div class=\"wochenkarte__day__titel-date\">10.04.2026<\/div>\r\n\t\t\t\t<\/h2>\r\n\t\t\t\t\t\t\t\t\t\t\t\t\t\t\t\t\t\t\t\t\t\t\t<div class=\"wochenkarte__day__gericht\" data-price=\"8.9\" data-title=\"Frische Bowls mit Topping nach Wahl, t\u00e4glich wechselnd\" data-day=\"10.04.2026\" data-product=\"1491\">\r\n\t\t\t\t\t\t\t<div class=\"wochenkarte__day__gericht__header\">\r\n\t\t\t\t\t\t\t\t<div class=\"wochenkarte__day__gericht__type\">Day Bowl<\/div>\r\n\t\t\t\t\t\t\t\t<div class=\"wochenkarte__day__gericht__price\">8,90 \u20ac<\/div>\r\n\t\t\t\t\t\t\t<\/div>\r\n\t\t\t\t\t\t\t<div class=\"wochenkarte__day__gericht__body\">\r\n\t\t\t\t\t\t\t\t<div class=\"wochenkarte__day__gericht__infos\">\r\n\t\t\t\t\t\t\t\t\t<h3 class=\"wochenkarte__day__gericht__titel\">Fresh bowls with toppings of your choice, changing daily<\/h3>\r\n\t\t\t\t\t\t\t\t\t\t\t\t\t\t\t\t\t\t\t\t\t\t\t\t\t\t<\/div>\r\n\t\t\t\t\t\t\t\t\t\t\t\t\t\t\t\t\t\t\t\t\t\t\t\t\t\t\t<div class=\"wochenkarte__day__gericht__number\"><\/div>\r\n\t\t\t\t\t\t\t\t\t\t\t\t\t\t\t\t\t\t\t\t\t\t\t\t<\/div>\r\n\t\t\t\t\t\t\t\t\t\t\t\t\t<\/div>\r\n\t\t\t\t\t\t\t\t\t\t\t<div class=\"wochenkarte__day__gericht\" data-price=\"10.9\" data-title=\"Piccolo Grillhaxe mit Bohnenragout und Rosmarinkartoffeln\" data-day=\"10.04.2026\" data-product=\"1587\">\r\n\t\t\t\t\t\t\t<div class=\"wochenkarte__day__gericht__header\">\r\n\t\t\t\t\t\t\t\t<div class=\"wochenkarte__day__gericht__type\">Dish of the day<\/div>\r\n\t\t\t\t\t\t\t\t<div class=\"wochenkarte__day__gericht__price\">10,90 \u20ac<\/div>\r\n\t\t\t\t\t\t\t<\/div>\r\n\t\t\t\t\t\t\t<div class=\"wochenkarte__day__gericht__body\">\r\n\t\t\t\t\t\t\t\t<div class=\"wochenkarte__day__gericht__infos\">\r\n\t\t\t\t\t\t\t\t\t<h3 class=\"wochenkarte__day__gericht__titel\">Piccolo grilled knuckle of pork with bean ragout and rosemary potatoes<\/h3>\r\n\t\t\t\t\t\t\t\t\t\t\t\t\t\t\t\t\t\t\t\t\t\t\t\t\t\t<\/div>\r\n\t\t\t\t\t\t\t\t\t\t\t\t\t\t\t\t\t\t\t\t\t\t\t\t\t\t\t<div class=\"wochenkarte__day__gericht__number\"><\/div>\r\n\t\t\t\t\t\t\t\t\t\t\t\t\t\t\t\t\t\t\t\t\t\t\t\t<\/div>\r\n\t\t\t\t\t\t\t\t\t\t\t\t\t<\/div>\r\n\t\t\t\t\t\t\t\t\t\t\t<div class=\"wochenkarte__day__gericht\" data-price=\"11.90\" data-title=\"Gebratener Fisch mit frischem Gem\u00fcse und Wildreis\" data-day=\"10.04.2026\" data-product=\"1537\">\r\n\t\t\t\t\t\t\t<div class=\"wochenkarte__day__gericht__header\">\r\n\t\t\t\t\t\t\t\t<div class=\"wochenkarte__day__gericht__type\">Dish of the day<\/div>\r\n\t\t\t\t\t\t\t\t<div class=\"wochenkarte__day__gericht__price\">11,90 \u20ac<\/div>\r\n\t\t\t\t\t\t\t<\/div>\r\n\t\t\t\t\t\t\t<div class=\"wochenkarte__day__gericht__body\">\r\n\t\t\t\t\t\t\t\t<div class=\"wochenkarte__day__gericht__infos\">\r\n\t\t\t\t\t\t\t\t\t<h3 class=\"wochenkarte__day__gericht__titel\">Fried fish with fresh vegetables and wild rice<\/h3>\r\n\t\t\t\t\t\t\t\t\t\t\t\t\t\t\t\t\t\t\t\t\t\t\t\t\t\t\t\t<div class=\"wochenkarte__day__gericht__allergene\">\r\n\t\t\t\t\t\t\t\t\t\t\t(\r\n\t\t\t\t\t\t\t\t\t\t\t\t\t\t\t\t\t\t\t\t\t\t\t\t\t\t<span class=\"wochenkarte__day__gericht__allergene__item\">d<\/span>\r\n\t\t\t\t\t\t\t\t\t\t\t\t\t\t\t\t\t\t\t\t\t\t\t\t\t\t\t<span class=\"wochenkarte__day__gericht__allergene__item\">f<\/span>\r\n\t\t\t\t\t\t\t\t\t\t\t\t\t\t\t\t\t\t\t\t\t\t\t\t\t\t\t<span class=\"wochenkarte__day__gericht__allergene__item\">g<\/span>\r\n\t\t\t\t\t\t\t\t\t\t\t\t\t\t\t\t\t\t\t\t\t\t\t\t\t\t\t<span class=\"wochenkarte__day__gericht__allergene__item\">i<\/span>\r\n\t\t\t\t\t\t\t\t\t\t\t\t\t\t\t\t\t\t\t\t\t\t\t\t)\r\n\t\t\t\t\t\t\t\t\t\t<\/div>\r\n\t\t\t\t\t\t\t\t\t\t\t\t\t\t\t\t\t<\/div>\r\n\t\t\t\t\t\t\t\t\t\t\t\t\t\t\t\t\t\t\t\t\t\t\t\t\t\t\t<div class=\"wochenkarte__day__gericht__number\"><\/div>\r\n\t\t\t\t\t\t\t\t\t\t\t\t\t\t\t\t\t\t\t\t\t\t\t\t<\/div>\r\n\t\t\t\t\t\t\t\t\t\t\t\t\t<\/div>\r\n\t\t\t\t\t\t\t\t\t\t\t<div class=\"wochenkarte__day__gericht\" data-price=\"9.90\" data-title=\"Gem\u00fcse- Reispfanne mit gebackenem Halloumi\" data-day=\"10.04.2026\" data-product=\"3283\">\r\n\t\t\t\t\t\t\t<div class=\"wochenkarte__day__gericht__header\">\r\n\t\t\t\t\t\t\t\t<div class=\"wochenkarte__day__gericht__type\">Dish of the day<\/div>\r\n\t\t\t\t\t\t\t\t<div class=\"wochenkarte__day__gericht__price\">9,90 \u20ac<\/div>\r\n\t\t\t\t\t\t\t<\/div>\r\n\t\t\t\t\t\t\t<div class=\"wochenkarte__day__gericht__body\">\r\n\t\t\t\t\t\t\t\t<div class=\"wochenkarte__day__gericht__infos\">\r\n\t\t\t\t\t\t\t\t\t<h3 class=\"wochenkarte__day__gericht__titel\">Vegetable and rice pan with baked halloumi<\/h3>\r\n\t\t\t\t\t\t\t\t\t\t\t\t\t\t\t\t\t\t\t\t\t\t\t\t\t\t\t\t<div class=\"wochenkarte__day__gericht__allergene\">\r\n\t\t\t\t\t\t\t\t\t\t\t(\r\n\t\t\t\t\t\t\t\t\t\t\t\t\t\t\t\t\t\t\t\t\t\t\t\t\t\t<span class=\"wochenkarte__day__gericht__allergene__item\">i<\/span>\r\n\t\t\t\t\t\t\t\t\t\t\t\t\t\t\t\t\t\t\t\t\t\t\t\t)\r\n\t\t\t\t\t\t\t\t\t\t<\/div>\r\n\t\t\t\t\t\t\t\t\t\t\t\t\t\t\t\t\t<\/div>\r\n\t\t\t\t\t\t\t\t\t\t\t\t\t\t\t\t\t\t\t\t\t\t\t\t\t\t\t<div class=\"wochenkarte__day__gericht__number\"><\/div>\r\n\t\t\t\t\t\t\t\t\t\t\t\t\t\t\t\t\t\t\t\t\t\t\t\t<\/div>\r\n\t\t\t\t\t\t\t\t\t\t\t\t\t<\/div>\r\n\t\t\t\t\t\t\t\t\t\t\t\t<\/div>\r\n\t\t<\/div>\r\n\t\r\n\t<\/div>\r\n<div class=\"vc_empty_space\"   style=\"height: 50px\"><span class=\"vc_empty_space_inner\"><\/span><\/div><div class=\"grve-element grve-text vc_custom_1715781765297\"><p style=\"text-align: center;\">Pre-orders for next week<\/p>\n<\/div><div class=\"grve-element grve-align-center\"><a class=\"grve-btn grve-btn-extrasmall grve-square grve-white-color\" href=\"https:\/\/www.clinton.de\/en\/headquarters\/gastronomy\/clintons-bistro-intranet-next-week\/\" target=\"_self\" style=\"\"><span>Next week<\/span><\/a><\/div>\n\t<div class=\"wpb_raw_code wpb_raw_js\" >\n\t\t<div class=\"wpb_wrapper\">\n\t\t\t<script>\nfunction updateWidth() {\n  \/\/ Ermitteln der Breite der Box mit der Klasse 'wochenkarte__form'\n  const formBox = document.querySelector('.wochenkarte__form');\n  if (formBox) {\n    const formBoxWidth = formBox.offsetWidth;\n    \n    \/\/ Zuweisen der ermittelten Breite zur Box mit der Klasse 'wpcf7'\n    const targetBox = document.querySelector('.wpcf7');\n    if (targetBox) {\n      targetBox.style.width = `${formBoxWidth}px`;\n    }\n  }\n}\n\n\/\/ Initiales Aufrufen der Funktion\nwindow.addEventListener('load', updateWidth);\n\n\/\/ Event Listener zur Aktualisierung der Breite bei \u00c4nderung der Displaygr\u00f6\u00dfe\nwindow.addEventListener('resize', updateWidth);\n<\/script>\n\t\t<\/div>\n\t<\/div>\n<\/div> <\/div><div class=\"grve-background-wrapper\"><\/div><\/div>","protected":false},"excerpt":{"rendered":"Monday 06.04.2026 Geschlossen Tuesday 07.04.2026 Tagesbowl 8,90 \u20ac Frische Bowls mit Topping nach Wahl, t\u00e4glich wechselnd Tagesgericht 8,90 \u20ac Berliner Currywurst mit Pommes Tagesgericht 9,90 \u20ac Gem\u00fcse- Nudel Auflauf mit K\u00e4se \u00fcberbacken und Salat ( a c g ) Tagesgericht 10,90 \u20ac H\u00e4hnchenspie\u00df in Paprikaragout, Brokkoli und Reis ( c ) Wednesday 08.04.2026 Tagesbowl 8,90 [...]","protected":false},"author":1,"featured_media":0,"parent":473,"menu_order":3,"comment_status":"closed","ping_status":"closed","template":"page-canteen-intranet.php","meta":{"_acf_changed":false,"inline_featured_image":false,"footnotes":""},"categories":[3],"tags":[],"class_list":["post-481","page","type-page","status-publish","hentry","category-headquarter"],"acf":[],"_links":{"self":[{"href":"https:\/\/www.clinton.de\/en\/wp-json\/wp\/v2\/pages\/481","targetHints":{"allow":["GET"]}}],"collection":[{"href":"https:\/\/www.clinton.de\/en\/wp-json\/wp\/v2\/pages"}],"about":[{"href":"https:\/\/www.clinton.de\/en\/wp-json\/wp\/v2\/types\/page"}],"author":[{"embeddable":true,"href":"https:\/\/www.clinton.de\/en\/wp-json\/wp\/v2\/users\/1"}],"replies":[{"embeddable":true,"href":"https:\/\/www.clinton.de\/en\/wp-json\/wp\/v2\/comments?post=481"}],"version-history":[{"count":0,"href":"https:\/\/www.clinton.de\/en\/wp-json\/wp\/v2\/pages\/481\/revisions"}],"up":[{"embeddable":true,"href":"https:\/\/www.clinton.de\/en\/wp-json\/wp\/v2\/pages\/473"}],"wp:attachment":[{"href":"https:\/\/www.clinton.de\/en\/wp-json\/wp\/v2\/media?parent=481"}],"wp:term":[{"taxonomy":"category","embeddable":true,"href":"https:\/\/www.clinton.de\/en\/wp-json\/wp\/v2\/categories?post=481"},{"taxonomy":"post_tag","embeddable":true,"href":"https:\/\/www.clinton.de\/en\/wp-json\/wp\/v2\/tags?post=481"}],"curies":[{"name":"wp","href":"https:\/\/api.w.org\/{rel}","templated":true}]}}