{"id":566,"date":"2025-03-11T14:07:00","date_gmt":"2025-03-11T13:07:00","guid":{"rendered":"https:\/\/www.clinton.de\/?page_id=566"},"modified":"2025-03-11T14:07:47","modified_gmt":"2025-03-11T13:07:47","slug":"outdoor-adventure","status":"publish","type":"page","link":"https:\/\/www.clinton.de\/en\/akademie\/seminare\/teamentwicklung-zusammenarbeit\/outdoor-adventure\/","title":{"rendered":"Outdoor + Adventure"},"content":{"rendered":"<div class=\"grve-section\" data-section-title=\"\" data-section-type=\"fullwidth-background\" data-image-type=\"none\" data-full-height=\"no\"  style=\"margin-bottom: 60px;\"><div class=\"grve-row grve-bookmark\"><div class=\"wpb_column grve-column grve-bookmark grve-column-1\"><div class=\"grve-element grve-text vc_custom_1741167603261\"><p>Locations with an appropriate ambience that suit CLINTON, our employees, the campaigns and our customers<\/p>\n<p>Events + incentives as a reward for dedicated work<\/p>\n<p>Motivation + team building<\/p>\n<\/div><\/div> <\/div><div class=\"grve-background-wrapper\"><\/div><\/div><div class=\"grve-section\" data-section-title=\"\" data-section-type=\"fullwidth-background\" data-image-type=\"none\" data-full-height=\"no\"  style=\"margin-bottom: 120px;\"><div class=\"grve-row grve-bookmark\"><div class=\"wpb_column grve-column grve-bookmark grve-column-1-2\"><h4 style=\"text-align: left\" class=\"vc_custom_heading vc_do_custom_heading\" >Duration<\/h4><div class=\"grve-element grve-list grve-list-angle-right\" style=\"\"><ul>\n<li>1 day each<\/li>\n<\/ul>\n<\/div><p style=\"text-align: left\" class=\"vc_custom_heading vc_do_custom_heading\" >The choice of exercises depends on the specific team and the desired objectives<\/p><h4 style=\"text-align: left\" class=\"vc_custom_heading vc_do_custom_heading\" >Team Challenge<\/h4><div class=\"grve-element grve-list grve-list-angle-right\" style=\"\"><ul>\n<li>Classic team exercises concentrated in a great outdoor setting.<\/li>\n<li>Leonardo Bridge | Tower Of Power | Crocodile River | Blind Leading | Boules | Nut Stacking | Kubb Tournament | Highland Games | ...<\/li>\n<\/ul>\n<\/div><\/div><div class=\"wpb_column grve-column grve-bookmark grve-column-1-2\"><h4 style=\"text-align: left\" class=\"vc_custom_heading vc_do_custom_heading\" >Selection<\/h4><div class=\"grve-element grve-list grve-list-angle-right\" style=\"\"><ul>\n<li>Team rally<br \/>\nWith the right clothing, the geocaching tour is possible in any weather. Team spirit, creativity and knowledge of the company will get the group to its destination. Adventure, fun and healthy exercise around Hoppegarten.<\/li>\n<li>Team painting<br \/>\nEquipped with brushes and mixing palettes, all team members create a joint team artwork. Together on a large canvas or separately on small canvases, which are joined together at the end.<\/li>\n<li>Team Survival<br \/>\nSurvive in the midst of nature by building a tent, making a fire, recognising animal tracks and eating wild plants. The team leaves the comfort zone together and overcomes previous boundaries.<\/li>\n<li>Climbing forest<br \/>\nThe team will climb to dizzying heights and discover the world above the treetops from a completely new perspective. The group tests their skills on various courses and balances over wobbly footbridges, net bridges and ropes, and faces a real test of courage on the zip lines.<\/li>\n<li>Carving + preparing game<br \/>\nThe team prepares a delicious game dinner and learns where the meat comes from and how to get it ready to cook. Everyone can lend a hand and gain a comprehensive insight into the processing and utilisation of a game animal.<\/li>\n<li>Outdoor escape game<br \/>\nThe team immerses itself in the world of fantasy and riddles. The most important task for the group is to solve exciting puzzles and tasks together. The team members search for clues, have to think logically to find the right combinations and come up with creative solutions.<\/li>\n<\/ul>\n<\/div><\/div> <\/div><div class=\"grve-background-wrapper\"><\/div><\/div>","protected":false},"excerpt":{"rendered":"Locations mit entsprechendem Ambiente, die zu CLINTON, unseren Mitarbeiter*Innen, den Kampagnen und zu unseren Kunden passen Events + Incentives als Belohnung f\u00fcr engagiertes Arbeiten Motivation + Teambuilding Dauer Jeweils 1 Tag Die Auswahl der \u00dcbungen richtet sich nach dem konkreten Team und den erw\u00fcnschten ZielenTeam-Challenge Klassiker der Team\u00fcbungen geballt in toller Outdoor-Kulisse. Leonardo-Br\u00fccke | Tower [...]","protected":false},"author":1,"featured_media":0,"parent":564,"menu_order":1,"comment_status":"closed","ping_status":"closed","template":"","meta":{"_acf_changed":false,"inline_featured_image":false,"footnotes":""},"categories":[4],"tags":[],"class_list":["post-566","page","type-page","status-publish","hentry","category-akademie"],"acf":[],"_links":{"self":[{"href":"https:\/\/www.clinton.de\/en\/wp-json\/wp\/v2\/pages\/566","targetHints":{"allow":["GET"]}}],"collection":[{"href":"https:\/\/www.clinton.de\/en\/wp-json\/wp\/v2\/pages"}],"about":[{"href":"https:\/\/www.clinton.de\/en\/wp-json\/wp\/v2\/types\/page"}],"author":[{"embeddable":true,"href":"https:\/\/www.clinton.de\/en\/wp-json\/wp\/v2\/users\/1"}],"replies":[{"embeddable":true,"href":"https:\/\/www.clinton.de\/en\/wp-json\/wp\/v2\/comments?post=566"}],"version-history":[{"count":0,"href":"https:\/\/www.clinton.de\/en\/wp-json\/wp\/v2\/pages\/566\/revisions"}],"up":[{"embeddable":true,"href":"https:\/\/www.clinton.de\/en\/wp-json\/wp\/v2\/pages\/564"}],"wp:attachment":[{"href":"https:\/\/www.clinton.de\/en\/wp-json\/wp\/v2\/media?parent=566"}],"wp:term":[{"taxonomy":"category","embeddable":true,"href":"https:\/\/www.clinton.de\/en\/wp-json\/wp\/v2\/categories?post=566"},{"taxonomy":"post_tag","embeddable":true,"href":"https:\/\/www.clinton.de\/en\/wp-json\/wp\/v2\/tags?post=566"}],"curies":[{"name":"wp","href":"https:\/\/api.w.org\/{rel}","templated":true}]}}