{"id":601,"date":"2025-03-11T14:35:26","date_gmt":"2025-03-11T13:35:26","guid":{"rendered":"https:\/\/www.clinton.de\/?page_id=601"},"modified":"2025-03-11T14:35:26","modified_gmt":"2025-03-11T13:35:26","slug":"self-management","status":"publish","type":"page","link":"https:\/\/www.clinton.de\/en\/akademie\/seminare\/selbstmanagement\/","title":{"rendered":"Self-management"},"content":{"rendered":"<div class=\"grve-section\" data-section-title=\"\" data-section-type=\"fullwidth-background\" data-image-type=\"none\" data-full-height=\"no\"  style=\"margin-bottom: 60px;\"><div class=\"grve-row grve-bookmark\"><div class=\"wpb_column grve-column grve-bookmark grve-column-1\"><div class=\"grve-element grve-text vc_custom_1741174574109\"><p>Participants recognise what optimal self-management means and how they can make the best use of their available time.<\/p>\n<p>They learn to positively influence their performance through proper self-management and recognise the need for self-management as a basis for leading other people.<\/p>\n<\/div><\/div> <\/div><div class=\"grve-background-wrapper\"><\/div><\/div><div class=\"grve-section\" data-section-title=\"\" data-section-type=\"fullwidth-background\" data-image-type=\"none\" data-full-height=\"no\"  style=\"margin-bottom: 120px;\"><div class=\"grve-row grve-bookmark\"><div class=\"wpb_column grve-column grve-bookmark grve-column-1-2\"><h4 style=\"text-align: left\" class=\"vc_custom_heading vc_do_custom_heading\" >Duration<\/h4><div class=\"grve-element grve-list grve-list-angle-right\" style=\"\"><ul>\n<li>2 days<\/li>\n<\/ul>\n<\/div><h4 style=\"text-align: left\" class=\"vc_custom_heading vc_do_custom_heading\" >Participants<\/h4><div class=\"grve-element grve-list grve-list-angle-right\" style=\"\"><ul>\n<li>Employees + managers<\/li>\n<\/ul>\n<\/div><\/div><div class=\"wpb_column grve-column grve-bookmark grve-column-1-2\"><h4 style=\"text-align: left\" class=\"vc_custom_heading vc_do_custom_heading\" >Contents<\/h4><div class=\"grve-element grve-list grve-list-angle-right\" style=\"\"><ul>\n<li>Effects of your own personality type on how you deal with time + stress<\/li>\n<li>Recognise personal strengths + weaknesses in time management<\/li>\n<li>Setting personal development goals<\/li>\n<li>Formulate concrete goals<\/li>\n<li>Set priorities<\/li>\n<li>Recognising \"time wasters\" and how they can be specifically eliminated<\/li>\n<li>Recognise individual stressors + define measures to positively influence them<\/li>\n<\/ul>\n<\/div><\/div> <\/div><div class=\"grve-background-wrapper\"><\/div><\/div>","protected":false},"excerpt":{"rendered":"Die Teilnehmer erkennen, was optimales Selbstmanagement bedeutet und wie sie ihre zur Verf\u00fcgung stehende Zeit optimal nutzen k\u00f6nnen. Sie erlernen durch richtiges Selbstmanagement ihre Leistungsf\u00e4higkeit positiv zu beeinflussen und erkennen die Notwendigkeit der Selbstf\u00fchrung als Grundlage, um andere Menschen zu f\u00fchren. Dauer 2 Tage Teilnehmerkreis Mitarbeiter + F\u00fchrungskr\u00e4fte Inhalte Auswirkungen des eigenen Pers\u00f6nlichkeitstyps auf den [...]","protected":false},"author":1,"featured_media":0,"parent":537,"menu_order":7,"comment_status":"closed","ping_status":"closed","template":"","meta":{"_acf_changed":false,"inline_featured_image":false,"footnotes":""},"categories":[4],"tags":[],"class_list":["post-601","page","type-page","status-publish","hentry","category-akademie"],"acf":[],"_links":{"self":[{"href":"https:\/\/www.clinton.de\/en\/wp-json\/wp\/v2\/pages\/601","targetHints":{"allow":["GET"]}}],"collection":[{"href":"https:\/\/www.clinton.de\/en\/wp-json\/wp\/v2\/pages"}],"about":[{"href":"https:\/\/www.clinton.de\/en\/wp-json\/wp\/v2\/types\/page"}],"author":[{"embeddable":true,"href":"https:\/\/www.clinton.de\/en\/wp-json\/wp\/v2\/users\/1"}],"replies":[{"embeddable":true,"href":"https:\/\/www.clinton.de\/en\/wp-json\/wp\/v2\/comments?post=601"}],"version-history":[{"count":0,"href":"https:\/\/www.clinton.de\/en\/wp-json\/wp\/v2\/pages\/601\/revisions"}],"up":[{"embeddable":true,"href":"https:\/\/www.clinton.de\/en\/wp-json\/wp\/v2\/pages\/537"}],"wp:attachment":[{"href":"https:\/\/www.clinton.de\/en\/wp-json\/wp\/v2\/media?parent=601"}],"wp:term":[{"taxonomy":"category","embeddable":true,"href":"https:\/\/www.clinton.de\/en\/wp-json\/wp\/v2\/categories?post=601"},{"taxonomy":"post_tag","embeddable":true,"href":"https:\/\/www.clinton.de\/en\/wp-json\/wp\/v2\/tags?post=601"}],"curies":[{"name":"wp","href":"https:\/\/api.w.org\/{rel}","templated":true}]}}