{"id":610,"date":"2025-03-11T14:43:51","date_gmt":"2025-03-11T13:43:51","guid":{"rendered":"https:\/\/www.clinton.de\/?page_id=610"},"modified":"2025-03-11T14:43:51","modified_gmt":"2025-03-11T13:43:51","slug":"shop-performance-coaching","status":"publish","type":"page","link":"https:\/\/www.clinton.de\/en\/akademie\/coaching\/shop-performance-coaching\/","title":{"rendered":"Shop Performance Coaching"},"content":{"rendered":"<div class=\"grve-section\" data-section-title=\"\" data-section-type=\"fullwidth-background\" data-image-type=\"none\" data-full-height=\"no\"  style=\"margin-bottom: 60px;\"><div class=\"grve-row grve-bookmark\"><div class=\"wpb_column grve-column grve-bookmark grve-column-1\"><div class=\"grve-element grve-text vc_custom_1741176922341\"><p>Not all stores show the same performance as other shops despite comparable general conditions and the overall economic situation.<\/p>\n<p>On the basis of a thorough analysis, a CLINTON coach accompanies the employees and store management individually on the sales floor and works with all those involved to develop steps and options for improving the key figures in the store.<\/p>\n<\/div><\/div> <\/div><div class=\"grve-background-wrapper\"><\/div><\/div><div class=\"grve-section\" data-section-title=\"\" data-section-type=\"fullwidth-background\" data-image-type=\"none\" data-full-height=\"no\"  style=\"margin-bottom: 120px;\"><div class=\"grve-row grve-bookmark\"><div class=\"wpb_column grve-column grve-bookmark grve-column-1-2\"><h4 style=\"text-align: left\" class=\"vc_custom_heading vc_do_custom_heading\" >Duration + dates<\/h4><div class=\"grve-element grve-list grve-list-angle-right\" style=\"\"><ul>\n<li>1-3 days by arrangement<\/li>\n<\/ul>\n<\/div><h4 style=\"text-align: left\" class=\"vc_custom_heading vc_do_custom_heading\" >Participants<\/h4><div class=\"grve-element grve-list grve-list-angle-right\" style=\"\"><ul>\n<li>Store employees + store management<\/li>\n<\/ul>\n<\/div><\/div><div class=\"wpb_column grve-column grve-bookmark grve-column-1-2\"><h4 style=\"text-align: left\" class=\"vc_custom_heading vc_do_custom_heading\" >Contents<\/h4><div class=\"grve-element grve-list grve-list-angle-right\" style=\"\"><ul>\n<li>Analysis of the economic situation: figures + data | analysis of the sales team<\/li>\n<li>Accompanying the store management and customer advisors on the sales floor<\/li>\n<li>Analysis of management and sales behaviour<\/li>\n<li>Structured feedback discussions<\/li>\n<li>Reflection + evaluation + agreements for practical transfer<\/li>\n<\/ul>\n<\/div><\/div> <\/div><div class=\"grve-background-wrapper\"><\/div><\/div>","protected":false},"excerpt":{"rendered":"Nicht alle Stores zeigen trotz vergleichbarer Rahmenbedingungen und Gesamtwirtschaftslage die gleiche Performance wie andere L\u00e4den. Auf der Grundlage einer gr\u00fcndlichen Analyse begleitet ein CLINTON Coach die Mitarbeiter und die Storeleitung individuell auf der Fl\u00e4che und erarbeitet mit allen Beteiligten Schritte und M\u00f6glichkeiten zur Verbesserung der Kennzahlen im Store. Dauer + Termine nach Absprache 1-3 Tage [...]","protected":false},"author":1,"featured_media":0,"parent":603,"menu_order":1,"comment_status":"closed","ping_status":"closed","template":"","meta":{"_acf_changed":false,"inline_featured_image":false,"footnotes":""},"categories":[4],"tags":[],"class_list":["post-610","page","type-page","status-publish","hentry","category-akademie"],"acf":[],"_links":{"self":[{"href":"https:\/\/www.clinton.de\/en\/wp-json\/wp\/v2\/pages\/610","targetHints":{"allow":["GET"]}}],"collection":[{"href":"https:\/\/www.clinton.de\/en\/wp-json\/wp\/v2\/pages"}],"about":[{"href":"https:\/\/www.clinton.de\/en\/wp-json\/wp\/v2\/types\/page"}],"author":[{"embeddable":true,"href":"https:\/\/www.clinton.de\/en\/wp-json\/wp\/v2\/users\/1"}],"replies":[{"embeddable":true,"href":"https:\/\/www.clinton.de\/en\/wp-json\/wp\/v2\/comments?post=610"}],"version-history":[{"count":0,"href":"https:\/\/www.clinton.de\/en\/wp-json\/wp\/v2\/pages\/610\/revisions"}],"up":[{"embeddable":true,"href":"https:\/\/www.clinton.de\/en\/wp-json\/wp\/v2\/pages\/603"}],"wp:attachment":[{"href":"https:\/\/www.clinton.de\/en\/wp-json\/wp\/v2\/media?parent=610"}],"wp:term":[{"taxonomy":"category","embeddable":true,"href":"https:\/\/www.clinton.de\/en\/wp-json\/wp\/v2\/categories?post=610"},{"taxonomy":"post_tag","embeddable":true,"href":"https:\/\/www.clinton.de\/en\/wp-json\/wp\/v2\/tags?post=610"}],"curies":[{"name":"wp","href":"https:\/\/api.w.org\/{rel}","templated":true}]}}