{"id":614,"date":"2025-03-11T14:48:25","date_gmt":"2025-03-11T13:48:25","guid":{"rendered":"https:\/\/www.clinton.de\/?page_id=614"},"modified":"2025-03-11T14:49:21","modified_gmt":"2025-03-11T13:49:21","slug":"certified-clinton-business-trainer-certified-business-trainer-bdvt","status":"publish","type":"page","link":"https:\/\/www.clinton.de\/en\/akademie\/train-the-trainer\/gepruefter-clinton-business-trainer-gepruefter-business-trainer-bdvt\/","title":{"rendered":"Certified CLINTON Business Trainer | Certified Business Trainer BDVT"},"content":{"rendered":"<div class=\"grve-section\" data-section-title=\"\" data-section-type=\"fullwidth-background\" data-image-type=\"none\" data-full-height=\"no\"  style=\"margin-bottom: 60px;\"><div class=\"grve-row grve-bookmark\"><div class=\"wpb_column grve-column grve-bookmark grve-column-1\"><div class=\"grve-element grve-text vc_custom_1741182346435\"><p>As a business trainer, you enjoy working with people to expand their professional opportunities. You are an expert in skills development without claiming to be an expert in the respective field.<\/p>\n<p>In addition, it is also about the personal development and improved impact of the graduates themselves - regardless of the subject-specific context or content.<\/p>\n<p>Participants will be able to design and successfully conduct their own job-specific training courses and workshops.<\/p>\n<\/div><\/div> <\/div><div class=\"grve-background-wrapper\"><\/div><\/div><div class=\"grve-section\" data-section-title=\"\" data-section-type=\"fullwidth-background\" data-image-type=\"none\" data-full-height=\"no\"  style=\"margin-bottom: 120px;\"><div class=\"grve-row grve-bookmark\"><div class=\"wpb_column grve-column grve-bookmark grve-column-1-2\"><h4 style=\"text-align: left\" class=\"vc_custom_heading vc_do_custom_heading\" >Duration + dates<\/h4><div class=\"grve-element grve-list grve-list-angle-right\" style=\"\"><ul>\n<li>24 days in presence + video meetings + accompanying mentoring<\/li>\n<\/ul>\n<\/div><h4 style=\"text-align: left\" class=\"vc_custom_heading vc_do_custom_heading\" >Participants<\/h4><div class=\"grve-element grve-list grve-list-angle-right\" style=\"\"><ul>\n<li>Specialists and managers<\/li>\n<li>The group size is limited to 6 participants.<\/li>\n<\/ul>\n<\/div><\/div><div class=\"wpb_column grve-column grve-bookmark grve-column-1-2\"><h4 style=\"text-align: left\" class=\"vc_custom_heading vc_do_custom_heading\" >Contents<\/h4><div class=\"grve-element grve-list grve-list-angle-right\" style=\"\"><ul>\n<li>Understanding the role of the trainer + differentiation from leadership, coaching, counselling, therapy<\/li>\n<li>Working with different personality types<\/li>\n<li>basic didactic and methodological knowledge<\/li>\n<li>Group dynamics + sustainability in the learning process<\/li>\n<li>Communication models + feedback methods<\/li>\n<li>Self-organisation + stress management<\/li>\n<li>Transfer assurance + evaluation<\/li>\n<\/ul>\n<\/div><\/div> <\/div><div class=\"grve-background-wrapper\"><\/div><\/div>","protected":false},"excerpt":{"rendered":"Als Business-Trainer arbeitest Du mit Freude gemeinsam mit Menschen an deren Erweiterung der beruflichen M\u00f6glichkeiten. Du bist Experte f\u00fcr die Kompetenzerweiterung ohne den Anspruch, Experte im jeweiligen Fachgebiet zu sein. Zus\u00e4tzlich geht es aber auch um die pers\u00f6nliche Weiterentwicklung und eine verbesserte Wirkung der Absolventen selbst - unabh\u00e4ngig vom fachspezifischen Kontext oder Inhalt. Die Teilnehmer [...]","protected":false},"author":1,"featured_media":0,"parent":612,"menu_order":1,"comment_status":"closed","ping_status":"closed","template":"","meta":{"_acf_changed":false,"inline_featured_image":false,"footnotes":""},"categories":[4],"tags":[],"class_list":["post-614","page","type-page","status-publish","hentry","category-akademie"],"acf":[],"_links":{"self":[{"href":"https:\/\/www.clinton.de\/en\/wp-json\/wp\/v2\/pages\/614","targetHints":{"allow":["GET"]}}],"collection":[{"href":"https:\/\/www.clinton.de\/en\/wp-json\/wp\/v2\/pages"}],"about":[{"href":"https:\/\/www.clinton.de\/en\/wp-json\/wp\/v2\/types\/page"}],"author":[{"embeddable":true,"href":"https:\/\/www.clinton.de\/en\/wp-json\/wp\/v2\/users\/1"}],"replies":[{"embeddable":true,"href":"https:\/\/www.clinton.de\/en\/wp-json\/wp\/v2\/comments?post=614"}],"version-history":[{"count":0,"href":"https:\/\/www.clinton.de\/en\/wp-json\/wp\/v2\/pages\/614\/revisions"}],"up":[{"embeddable":true,"href":"https:\/\/www.clinton.de\/en\/wp-json\/wp\/v2\/pages\/612"}],"wp:attachment":[{"href":"https:\/\/www.clinton.de\/en\/wp-json\/wp\/v2\/media?parent=614"}],"wp:term":[{"taxonomy":"category","embeddable":true,"href":"https:\/\/www.clinton.de\/en\/wp-json\/wp\/v2\/categories?post=614"},{"taxonomy":"post_tag","embeddable":true,"href":"https:\/\/www.clinton.de\/en\/wp-json\/wp\/v2\/tags?post=614"}],"curies":[{"name":"wp","href":"https:\/\/api.w.org\/{rel}","templated":true}]}}