{"id":618,"date":"2025-03-11T14:51:55","date_gmt":"2025-03-11T13:51:55","guid":{"rendered":"https:\/\/www.clinton.de\/?page_id=618"},"modified":"2025-03-11T14:52:43","modified_gmt":"2025-03-11T13:52:43","slug":"trainer-workshop","status":"publish","type":"page","link":"https:\/\/www.clinton.de\/en\/akademie\/train-the-trainer\/trainerwerkstatt\/","title":{"rendered":"Trainer workshop"},"content":{"rendered":"<div class=\"grve-section\" data-section-title=\"\" data-section-type=\"fullwidth-background\" data-image-type=\"none\" data-full-height=\"no\"  style=\"margin-bottom: 60px;\"><div class=\"grve-row grve-bookmark\"><div class=\"wpb_column grve-column grve-bookmark grve-column-1\"><div class=\"grve-element grve-text vc_custom_1741182748716\"><p>In order to work successfully as a coach or trainer, it is essential to constantly update your knowledge and skills. With our trainer workshop, we offer our graduates the opportunity to reflect on their training and coaching experience and to familiarise themselves with new topics, techniques and tools.<\/p>\n<p>This gives them the opportunity to professionalise their work both technically and methodically and to take away valuable inspiration for their own practice.<\/p>\n<\/div><\/div> <\/div><div class=\"grve-background-wrapper\"><\/div><\/div><div class=\"grve-section\" data-section-title=\"\" data-section-type=\"fullwidth-background\" data-image-type=\"none\" data-full-height=\"no\"  style=\"margin-bottom: 120px;\"><div class=\"grve-row grve-bookmark\"><div class=\"wpb_column grve-column grve-bookmark grve-column-1-2\"><h4 style=\"text-align: left\" class=\"vc_custom_heading vc_do_custom_heading\" >Duration + dates<\/h4><div class=\"grve-element grve-list grve-list-angle-right\" style=\"\"><ul>\n<li>2 days<\/li>\n<\/ul>\n<\/div><h4 style=\"text-align: left\" class=\"vc_custom_heading vc_do_custom_heading\" >Participants<\/h4><div class=\"grve-element grve-list grve-list-angle-right\" style=\"\"><ul>\n<li>Graduates of the sales coach and trainer training programmes at the CLINTON Academy<\/li>\n<\/ul>\n<\/div><\/div><div class=\"wpb_column grve-column grve-bookmark grve-column-1-2\"><h4 style=\"text-align: left\" class=\"vc_custom_heading vc_do_custom_heading\" >Contents<\/h4><div class=\"grve-element grve-list grve-list-angle-right\" style=\"\"><ul>\n<li>Reflection on previous training + coaching sessions<\/li>\n<li>Practical requirements for new training topics<\/li>\n<li>Trainer kit with tips + tricks + tools<\/li>\n<li>Structure + process + realisation<\/li>\n<li>Taking teams on the road<\/li>\n<li>Transfer protection<\/li>\n<li>Further development of trainer expertise<\/li>\n<\/ul>\n<\/div><\/div> <\/div><div class=\"grve-background-wrapper\"><\/div><\/div>","protected":false},"excerpt":{"rendered":"F\u00fcr eine erfolgreiche Arbeit als Coach bzw. Trainer ist es unerl\u00e4sslich, die eigenen Kenntnisse und Fertigkeiten st\u00e4ndig auf den neuesten Stand zu bringen. Mit unserer Trainerwerkstatt bieten wir unseren Absolventen die M\u00f6glichkeit, ihre Trainings- und Coachingerfahrungen zu reflektieren sowie neue Themen, Techniken und Tools kennenzulernen. Sie erhalten damit die M\u00f6glichkeit, ihre Arbeit sowohl fachlich als [...]","protected":false},"author":1,"featured_media":0,"parent":612,"menu_order":3,"comment_status":"closed","ping_status":"closed","template":"","meta":{"_acf_changed":false,"inline_featured_image":false,"footnotes":""},"categories":[4],"tags":[],"class_list":["post-618","page","type-page","status-publish","hentry","category-akademie"],"acf":[],"_links":{"self":[{"href":"https:\/\/www.clinton.de\/en\/wp-json\/wp\/v2\/pages\/618","targetHints":{"allow":["GET"]}}],"collection":[{"href":"https:\/\/www.clinton.de\/en\/wp-json\/wp\/v2\/pages"}],"about":[{"href":"https:\/\/www.clinton.de\/en\/wp-json\/wp\/v2\/types\/page"}],"author":[{"embeddable":true,"href":"https:\/\/www.clinton.de\/en\/wp-json\/wp\/v2\/users\/1"}],"replies":[{"embeddable":true,"href":"https:\/\/www.clinton.de\/en\/wp-json\/wp\/v2\/comments?post=618"}],"version-history":[{"count":0,"href":"https:\/\/www.clinton.de\/en\/wp-json\/wp\/v2\/pages\/618\/revisions"}],"up":[{"embeddable":true,"href":"https:\/\/www.clinton.de\/en\/wp-json\/wp\/v2\/pages\/612"}],"wp:attachment":[{"href":"https:\/\/www.clinton.de\/en\/wp-json\/wp\/v2\/media?parent=618"}],"wp:term":[{"taxonomy":"category","embeddable":true,"href":"https:\/\/www.clinton.de\/en\/wp-json\/wp\/v2\/categories?post=618"},{"taxonomy":"post_tag","embeddable":true,"href":"https:\/\/www.clinton.de\/en\/wp-json\/wp\/v2\/tags?post=618"}],"curies":[{"name":"wp","href":"https:\/\/api.w.org\/{rel}","templated":true}]}}